{"id":79,"date":"2014-06-12T20:29:25","date_gmt":"2014-06-12T20:29:25","guid":{"rendered":"http:\/\/godcares.vereins-hosting.de\/?page_id=79"},"modified":"2019-02-11T17:01:15","modified_gmt":"2019-02-11T17:01:15","slug":"strassenkinder","status":"publish","type":"page","link":"https:\/\/godcares.de\/index.php\/strassenkinder\/","title":{"rendered":"Stra\u00dfenkinder"},"content":{"rendered":"<p>Aufgrund der bewaffneten Auseinandersetzungen leiden die Menschen unter gro\u00dfer Armut. Die Arbeitslosigkeit ist hoch, die Jugendlichen und Kinder haben keine Perspektiven f\u00fcr die Zukunft. Viele Kinder und Jugendliche leben auf der Stra\u00dfe, sind kriminell, stehlen, rauben oder wenden sich den diversen Milizen zu. Dort leben sie als Kindersoldaten in den verschiedenen Regionen des Nord- und S\u00fcd Kivu, wo sie morden und pl\u00fcndern. H\u00e4ufig sind sie auf Drogen und tief traumatisiert.<\/p>\n<p>Francine Mulimbinge hat sich in Goma, der Hauptstadt der Provinz Nord Kivu, der Kinder und Jugendlichen angenommen. Sie begann 2010 damit, die Kinder von der Stra\u00dfe in ihr Haus zu holen. Als die Zahl der Kinder weiter wuchs, kaufte sie ein kleines Grundst\u00fcck und baute darauf gemeinsam mit den Kindern eine Bleibe. War es zuerst ein Wellblechgeb\u00e4ude, wurde es in den vergangenen Jahren immer weiter mit Holz versch\u00f6nert. Mittlerweile hat Francine 143 Kinder aufgenommen.<\/p>\n<p>Sie bekommen t\u00e4glich eine warme Mahlzeit und werden in verschiedenen Bereichen geschult: sie lernen n\u00e4hen, stellen Holzfiguren her, sie pressen Ananas und verkaufen den Saft, sie produzieren Erdnussbutter. Auf zwei Feldern bauen sie Gem\u00fcse zur Eigenversorgung an. In ihrer Freizeit machen sie Musik, tanzen und spielen Fu\u00dfball. Die t\u00e4gliche Struktur, vor allem aber die herzliche Annahme und Liebe durch Francine und ihre Helferinnen, hilft den Kindern aus dem kriminellen Milieu herauszukommen und der Anwerbung durch Milizen zu entgehen. Nat\u00fcrlich gibt es R\u00fcckschl\u00e4ge und Probleme, aber \u00fcber allem steht die Hoffnung auf eine bessere Zukunft, die Francine und ihre Mitarbeiterinnen den Jugendlichen vermitteln.<\/p>\n<p>God Cares unterst\u00fctzt die Arbeit von Francine finanziell. Jedes Jahr besuchen wir sie und die Kinder in Goma. So sehen wir den Fortschritt und die gute Entwicklung der Kinder.<\/p>\n<p>&nbsp;<\/p>\nngg_shortcode_0_placeholder\n<div id=\"attachment_510\" style=\"width: 610px\" class=\"wp-caption aligncenter\"><a href=\"http:\/\/godcares.de\/wp-content\/uploads\/2014\/06\/image044.jpg\"><img loading=\"lazy\" decoding=\"async\" aria-describedby=\"caption-attachment-510\" width=\"600\" height=\"450\" class=\"size-large wp-image-510\" alt=\"\" src=\"http:\/\/godcares.de\/wp-content\/uploads\/2014\/06\/image044-1024x768.jpg\" srcset=\"https:\/\/godcares.de\/wp-content\/uploads\/2014\/06\/image044-1024x768.jpg 1024w, https:\/\/godcares.de\/wp-content\/uploads\/2014\/06\/image044-300x225.jpg 300w, https:\/\/godcares.de\/wp-content\/uploads\/2014\/06\/image044-768x576.jpg 768w, https:\/\/godcares.de\/wp-content\/uploads\/2014\/06\/image044-600x450.jpg 600w\" sizes=\"auto, (max-width: 600px) 100vw, 600px\" \/><\/a><p id=\"caption-attachment-510\" class=\"wp-caption-text\">Bei den Stra\u00dfenkindern 2012 &#8211; Goma<\/p><\/div>\n<div id=\"attachment_511\" style=\"width: 610px\" class=\"wp-caption aligncenter\"><a href=\"http:\/\/godcares.de\/wp-content\/uploads\/2014\/06\/image046.jpg\"><img loading=\"lazy\" decoding=\"async\" aria-describedby=\"caption-attachment-511\" width=\"600\" height=\"450\" class=\"size-large wp-image-511\" alt=\"\" src=\"http:\/\/godcares.de\/wp-content\/uploads\/2014\/06\/image046-1024x768.jpg\" srcset=\"https:\/\/godcares.de\/wp-content\/uploads\/2014\/06\/image046-1024x768.jpg 1024w, https:\/\/godcares.de\/wp-content\/uploads\/2014\/06\/image046-300x225.jpg 300w, https:\/\/godcares.de\/wp-content\/uploads\/2014\/06\/image046-768x576.jpg 768w, https:\/\/godcares.de\/wp-content\/uploads\/2014\/06\/image046-600x450.jpg 600w\" sizes=\"auto, (max-width: 600px) 100vw, 600px\" \/><\/a><p id=\"caption-attachment-511\" class=\"wp-caption-text\">Bei denStra\u00dfenkinder 2014 &#8211; Goma<\/p><\/div>\n<div id=\"attachment_949\" style=\"width: 610px\" class=\"wp-caption aligncenter\"><a href=\"http:\/\/godcares.de\/wp-content\/uploads\/2018\/07\/P1320742.jpg\"><img loading=\"lazy\" decoding=\"async\" aria-describedby=\"caption-attachment-949\" width=\"600\" height=\"450\" class=\"size-large wp-image-949\" alt=\"\" src=\"http:\/\/godcares.de\/wp-content\/uploads\/2018\/07\/P1320742-1024x768.jpg\" srcset=\"https:\/\/godcares.de\/wp-content\/uploads\/2018\/07\/P1320742-1024x768.jpg 1024w, https:\/\/godcares.de\/wp-content\/uploads\/2018\/07\/P1320742-300x225.jpg 300w, https:\/\/godcares.de\/wp-content\/uploads\/2018\/07\/P1320742-768x576.jpg 768w, https:\/\/godcares.de\/wp-content\/uploads\/2018\/07\/P1320742-600x450.jpg 600w, https:\/\/godcares.de\/wp-content\/uploads\/2018\/07\/P1320742-830x623.jpg 830w, https:\/\/godcares.de\/wp-content\/uploads\/2018\/07\/P1320742-230x173.jpg 230w, https:\/\/godcares.de\/wp-content\/uploads\/2018\/07\/P1320742-350x263.jpg 350w, https:\/\/godcares.de\/wp-content\/uploads\/2018\/07\/P1320742-480x360.jpg 480w\" sizes=\"auto, (max-width: 600px) 100vw, 600px\" \/><\/a><p id=\"caption-attachment-949\" class=\"wp-caption-text\">Bei denStra\u00dfenkinder 2017 &#8211; Goma<\/p><\/div>\n<p style=\"text-align: left;\">&nbsp;<\/p>\n<p style=\"text-align: left;\">&nbsp;<\/p>\n<p style=\"text-align: left;\">&nbsp;<\/p>\n<p style=\"text-align: left;\">&nbsp;<\/p>\n","protected":false},"excerpt":{"rendered":"<p>Aufgrund der bewaffneten Auseinandersetzungen leiden die Menschen unter gro\u00dfer Armut. Die Arbeitslosigkeit ist hoch, die Jugendlichen und Kinder haben keine&hellip;<\/p>\n","protected":false},"author":1,"featured_media":0,"parent":0,"menu_order":0,"comment_status":"closed","ping_status":"closed","template":"","meta":{"ngg_post_thumbnail":0,"footnotes":""},"class_list":["post-79","page","type-page","status-publish","hentry"],"_links":{"self":[{"href":"https:\/\/godcares.de\/index.php\/wp-json\/wp\/v2\/pages\/79","targetHints":{"allow":["GET"]}}],"collection":[{"href":"https:\/\/godcares.de\/index.php\/wp-json\/wp\/v2\/pages"}],"about":[{"href":"https:\/\/godcares.de\/index.php\/wp-json\/wp\/v2\/types\/page"}],"author":[{"embeddable":true,"href":"https:\/\/godcares.de\/index.php\/wp-json\/wp\/v2\/users\/1"}],"replies":[{"embeddable":true,"href":"https:\/\/godcares.de\/index.php\/wp-json\/wp\/v2\/comments?post=79"}],"version-history":[{"count":0,"href":"https:\/\/godcares.de\/index.php\/wp-json\/wp\/v2\/pages\/79\/revisions"}],"wp:attachment":[{"href":"https:\/\/godcares.de\/index.php\/wp-json\/wp\/v2\/media?parent=79"}],"curies":[{"name":"wp","href":"https:\/\/api.w.org\/{rel}","templated":true}]}}