{"id":75,"date":"2014-06-12T20:29:13","date_gmt":"2014-06-12T20:29:13","guid":{"rendered":"http:\/\/godcares.vereins-hosting.de\/?page_id=75"},"modified":"2019-01-12T13:42:37","modified_gmt":"2019-01-12T13:42:37","slug":"versoehnung","status":"publish","type":"page","link":"https:\/\/godcares.de\/index.php\/demokratische-republik-kongo\/versoehnung\/","title":{"rendered":"Vers\u00f6hnung"},"content":{"rendered":"<h3 style=\"text-align: center; font-size: 12pt;\"><span style=\"color: #000000; font-size: 12pt;\">&nbsp;<\/span><\/h3>\n<div id=\"attachment_941\" style=\"width: 743px\" class=\"wp-caption aligncenter\"><a href=\"http:\/\/godcares.de\/wp-content\/uploads\/2018\/07\/S1300055.jpg\"><img loading=\"lazy\" decoding=\"async\" aria-describedby=\"caption-attachment-941\" class=\"wp-image-941\" src=\"http:\/\/godcares.de\/wp-content\/uploads\/2018\/07\/S1300055-1024x576.jpg\" alt=\"\" width=\"733\" height=\"412\" srcset=\"https:\/\/godcares.de\/wp-content\/uploads\/2018\/07\/S1300055-1024x576.jpg 1024w, https:\/\/godcares.de\/wp-content\/uploads\/2018\/07\/S1300055-300x169.jpg 300w, https:\/\/godcares.de\/wp-content\/uploads\/2018\/07\/S1300055-768x432.jpg 768w, https:\/\/godcares.de\/wp-content\/uploads\/2018\/07\/S1300055-600x337.jpg 600w, https:\/\/godcares.de\/wp-content\/uploads\/2018\/07\/S1300055-830x467.jpg 830w, https:\/\/godcares.de\/wp-content\/uploads\/2018\/07\/S1300055-230x129.jpg 230w, https:\/\/godcares.de\/wp-content\/uploads\/2018\/07\/S1300055-350x197.jpg 350w, https:\/\/godcares.de\/wp-content\/uploads\/2018\/07\/S1300055-480x270.jpg 480w\" sizes=\"auto, (max-width: 733px) 100vw, 733px\" \/><\/a><p id=\"caption-attachment-941\" class=\"wp-caption-text\">Africa Restoring Bridges Initiative (ARBI)<\/p><\/div>\n<p style=\"text-align: center; font-size: 12pt;\"><span style=\"color: #000000; font-size: 10pt;\">&nbsp;<\/span><\/p>\n<div class=\"mceTemp\">&nbsp;<\/div>\n<p>Willk\u00fcr und Gewalt sind in der DR Kongo an der Tagesordnung. Milt\u00e4raktionen der kongolesischen Armee und umherziehende Milizen sind daf\u00fcr verantwortlich. &nbsp;&nbsp;&nbsp;&nbsp;&nbsp;&nbsp;&nbsp;&nbsp;&nbsp;&nbsp;Leidtragende sind die Menschen, die nur allzu h\u00e4ufig zwischen die Fronten gelangen.&nbsp;&nbsp; Folglich bewegen sich gro\u00dfe Fl\u00fcchtlingsstr\u00f6me in den Ostprovinzen und viele Menschen &nbsp;sind bereits seit Jahren auf der Flucht.&nbsp;<\/p>\n<p>Ohne Vers\u00f6hnung und&nbsp; Aufarbeitung von Verletzungen, sowie das Ablegen von ethnischen Vorurteilen wird es keinen dauerhaften Frieden in der Region geben. Hierzu arbeiten wir mit der lokalen NGO \u201eAfrica Restoring Bridges Initiative\u201c (ARBI) zusammen.<\/p>\n<p style=\"text-align: center; font-size: 12pt;\">&nbsp;<\/p>\n\n\n<figure class=\"wp-block-image\"><img loading=\"lazy\" decoding=\"async\" width=\"1024\" height=\"768\" src=\"http:\/\/godcares.de\/wp-content\/uploads\/2019\/01\/Vers\u00f6hnungs-seminar-in-Goma-1024x768.jpg\" alt=\"\" class=\"wp-image-1120\" srcset=\"https:\/\/godcares.de\/wp-content\/uploads\/2019\/01\/Vers\u00f6hnungs-seminar-in-Goma-1024x768.jpg 1024w, https:\/\/godcares.de\/wp-content\/uploads\/2019\/01\/Vers\u00f6hnungs-seminar-in-Goma-300x225.jpg 300w, https:\/\/godcares.de\/wp-content\/uploads\/2019\/01\/Vers\u00f6hnungs-seminar-in-Goma-768x576.jpg 768w, https:\/\/godcares.de\/wp-content\/uploads\/2019\/01\/Vers\u00f6hnungs-seminar-in-Goma-830x623.jpg 830w, https:\/\/godcares.de\/wp-content\/uploads\/2019\/01\/Vers\u00f6hnungs-seminar-in-Goma-230x173.jpg 230w, https:\/\/godcares.de\/wp-content\/uploads\/2019\/01\/Vers\u00f6hnungs-seminar-in-Goma-350x263.jpg 350w, https:\/\/godcares.de\/wp-content\/uploads\/2019\/01\/Vers\u00f6hnungs-seminar-in-Goma-480x360.jpg 480w\" sizes=\"auto, (max-width: 1024px) 100vw, 1024px\" \/><figcaption>Vers\u00f6hnungsseminar in Goma DRC<\/figcaption><\/figure>\n\n\n\n<figure class=\"wp-block-image\"><img loading=\"lazy\" decoding=\"async\" width=\"1024\" height=\"768\" src=\"http:\/\/godcares.de\/wp-content\/uploads\/2019\/01\/Vers\u00f6hnungsseminar-in-Goma-1-1024x768.jpg\" alt=\"\" class=\"wp-image-1122\" srcset=\"https:\/\/godcares.de\/wp-content\/uploads\/2019\/01\/Vers\u00f6hnungsseminar-in-Goma-1-1024x768.jpg 1024w, https:\/\/godcares.de\/wp-content\/uploads\/2019\/01\/Vers\u00f6hnungsseminar-in-Goma-1-300x225.jpg 300w, https:\/\/godcares.de\/wp-content\/uploads\/2019\/01\/Vers\u00f6hnungsseminar-in-Goma-1-768x576.jpg 768w, https:\/\/godcares.de\/wp-content\/uploads\/2019\/01\/Vers\u00f6hnungsseminar-in-Goma-1-830x623.jpg 830w, https:\/\/godcares.de\/wp-content\/uploads\/2019\/01\/Vers\u00f6hnungsseminar-in-Goma-1-230x173.jpg 230w, https:\/\/godcares.de\/wp-content\/uploads\/2019\/01\/Vers\u00f6hnungsseminar-in-Goma-1-350x263.jpg 350w, https:\/\/godcares.de\/wp-content\/uploads\/2019\/01\/Vers\u00f6hnungsseminar-in-Goma-1-480x360.jpg 480w\" sizes=\"auto, (max-width: 1024px) 100vw, 1024px\" \/><figcaption>Vers\u00f6hnungsseminar in Goma DRC<\/figcaption><\/figure>\n\n\n\n<ul class=\"wp-block-gallery columns-1 is-cropped wp-block-gallery-1 is-layout-flex wp-block-gallery-is-layout-flex\"><li class=\"blocks-gallery-item\"><figure><img loading=\"lazy\" decoding=\"async\" width=\"1024\" height=\"768\" src=\"http:\/\/godcares.de\/wp-content\/uploads\/2019\/01\/Vers\u00f6hnungsseminar-in-Goma-2-1024x768.jpg\" alt=\"\" data-id=\"1123\" data-link=\"http:\/\/godcares.de\/demokratische-republik-kongo\/versoehnung\/versoehnungsseminar-in-goma-2-2\/\" class=\"wp-image-1123\" srcset=\"https:\/\/godcares.de\/wp-content\/uploads\/2019\/01\/Vers\u00f6hnungsseminar-in-Goma-2-1024x768.jpg 1024w, https:\/\/godcares.de\/wp-content\/uploads\/2019\/01\/Vers\u00f6hnungsseminar-in-Goma-2-300x225.jpg 300w, https:\/\/godcares.de\/wp-content\/uploads\/2019\/01\/Vers\u00f6hnungsseminar-in-Goma-2-768x576.jpg 768w, https:\/\/godcares.de\/wp-content\/uploads\/2019\/01\/Vers\u00f6hnungsseminar-in-Goma-2-830x623.jpg 830w, https:\/\/godcares.de\/wp-content\/uploads\/2019\/01\/Vers\u00f6hnungsseminar-in-Goma-2-230x173.jpg 230w, https:\/\/godcares.de\/wp-content\/uploads\/2019\/01\/Vers\u00f6hnungsseminar-in-Goma-2-350x263.jpg 350w, https:\/\/godcares.de\/wp-content\/uploads\/2019\/01\/Vers\u00f6hnungsseminar-in-Goma-2-480x360.jpg 480w\" sizes=\"auto, (max-width: 1024px) 100vw, 1024px\" \/><figcaption>Vers\u00f6hnungsseminar in Goma DRC<\/figcaption><\/figure><\/li><\/ul>\n","protected":false},"excerpt":{"rendered":"<p>&nbsp; &nbsp; &nbsp; Willk\u00fcr und Gewalt sind in der DR Kongo an der Tagesordnung. Milt\u00e4raktionen der kongolesischen Armee und umherziehende&hellip;<\/p>\n","protected":false},"author":1,"featured_media":0,"parent":71,"menu_order":0,"comment_status":"closed","ping_status":"closed","template":"","meta":{"ngg_post_thumbnail":0,"footnotes":""},"class_list":["post-75","page","type-page","status-publish","hentry"],"_links":{"self":[{"href":"https:\/\/godcares.de\/index.php\/wp-json\/wp\/v2\/pages\/75","targetHints":{"allow":["GET"]}}],"collection":[{"href":"https:\/\/godcares.de\/index.php\/wp-json\/wp\/v2\/pages"}],"about":[{"href":"https:\/\/godcares.de\/index.php\/wp-json\/wp\/v2\/types\/page"}],"author":[{"embeddable":true,"href":"https:\/\/godcares.de\/index.php\/wp-json\/wp\/v2\/users\/1"}],"replies":[{"embeddable":true,"href":"https:\/\/godcares.de\/index.php\/wp-json\/wp\/v2\/comments?post=75"}],"version-history":[{"count":0,"href":"https:\/\/godcares.de\/index.php\/wp-json\/wp\/v2\/pages\/75\/revisions"}],"up":[{"embeddable":true,"href":"https:\/\/godcares.de\/index.php\/wp-json\/wp\/v2\/pages\/71"}],"wp:attachment":[{"href":"https:\/\/godcares.de\/index.php\/wp-json\/wp\/v2\/media?parent=75"}],"curies":[{"name":"wp","href":"https:\/\/api.w.org\/{rel}","templated":true}]}}