{"id":712,"date":"2016-12-19T17:26:58","date_gmt":"2016-12-19T17:26:58","guid":{"rendered":"http:\/\/godcares.de\/?page_id=712"},"modified":"2022-04-04T07:00:17","modified_gmt":"2022-04-04T07:00:17","slug":"spenden","status":"publish","type":"page","link":"https:\/\/godcares.de\/index.php\/spenden\/","title":{"rendered":"Spenden"},"content":{"rendered":"<h4>Gerne k\u00f6nnen Sie uns per \u00dcberweisung eine Spende zukommen lassen:<\/h4>\n<div id=\"attachment_745\" style=\"width: 482px\" class=\"wp-caption alignright\"><a href=\"http:\/\/godcares.de\/wp-content\/uploads\/2016\/12\/p1270113.jpg\" target=\"_blank\" rel=\"noopener\"><img loading=\"lazy\" decoding=\"async\" aria-describedby=\"caption-attachment-745\" class=\"wp-image-745\" src=\"http:\/\/godcares.de\/wp-content\/uploads\/2016\/12\/p1270113-1024x768.jpg\" width=\"472\" height=\"354\"><\/a><p id=\"caption-attachment-745\" class=\"wp-caption-text\">Kinder in Rubavu (Ruanda)<\/p><\/div>\n<h5>Bankverbindung<\/h5>\n<h4>VR Bank Fulda e.G.<\/h4>\n<h4>IBAN:&nbsp;<\/h4>\n<h5><strong><span style=\"color: #333333;\">DE54 5306 0180 0008 0105 10<\/span><\/strong><\/h5>\n<h5>Wichtig f\u00fcr Ihre \u00dcberweisung<\/h5>\n<p>Sie haben die M\u00f6glichkeit, bei Ihrer \u00dcberweisung konkrete Projekte anzugeben, f\u00fcr die Ihre Spende bestimmt sein soll. Bitte vergessen Sie nicht, uns im Feld \u201eVerwendungszweck\u201c auch Ihren Namen und Adresse mitzuteilen. Nur so k\u00f6nnen wir Ihnen eine Zuwendungsbest\u00e4tigung zusenden.<\/p>\n<p>Vielen Dank f\u00fcr Ihre Unterst\u00fctzung!<\/p>\n<p>Ihr GOD CARES &#8211; Team<\/p>\n","protected":false},"excerpt":{"rendered":"<p>Gerne k\u00f6nnen Sie uns per \u00dcberweisung eine Spende zukommen lassen: Bankverbindung VR Bank Fulda e.G. IBAN:&nbsp; DE54 5306 0180 0008&hellip;<\/p>\n","protected":false},"author":1,"featured_media":0,"parent":0,"menu_order":0,"comment_status":"closed","ping_status":"closed","template":"","meta":{"ngg_post_thumbnail":0,"footnotes":""},"class_list":["post-712","page","type-page","status-publish","hentry"],"_links":{"self":[{"href":"https:\/\/godcares.de\/index.php\/wp-json\/wp\/v2\/pages\/712","targetHints":{"allow":["GET"]}}],"collection":[{"href":"https:\/\/godcares.de\/index.php\/wp-json\/wp\/v2\/pages"}],"about":[{"href":"https:\/\/godcares.de\/index.php\/wp-json\/wp\/v2\/types\/page"}],"author":[{"embeddable":true,"href":"https:\/\/godcares.de\/index.php\/wp-json\/wp\/v2\/users\/1"}],"replies":[{"embeddable":true,"href":"https:\/\/godcares.de\/index.php\/wp-json\/wp\/v2\/comments?post=712"}],"version-history":[{"count":0,"href":"https:\/\/godcares.de\/index.php\/wp-json\/wp\/v2\/pages\/712\/revisions"}],"wp:attachment":[{"href":"https:\/\/godcares.de\/index.php\/wp-json\/wp\/v2\/media?parent=712"}],"curies":[{"name":"wp","href":"https:\/\/api.w.org\/{rel}","templated":true}]}}