{"id":71,"date":"2014-06-12T20:26:36","date_gmt":"2014-06-12T20:26:36","guid":{"rendered":"http:\/\/godcares.vereins-hosting.de\/?page_id=71"},"modified":"2018-11-17T16:01:35","modified_gmt":"2018-11-17T16:01:35","slug":"demokratische-republik-kongo","status":"publish","type":"page","link":"https:\/\/godcares.de\/index.php\/demokratische-republik-kongo\/","title":{"rendered":"DR Kongo"},"content":{"rendered":"<p>Seit nunmehr 22 Jahren erleben die Menschen in der DR Kongo immer wieder aufflammende Kriege und Konflikte. Hier steht die gr\u00f6\u00dfte UN Mission der Geschichte.<\/p>\n<p><a href=\"https:\/\/www.ardmediathek.de\/tv\/Weltspiegel\/afrika-erkl%C3%A4rt-Demokratische-Republik\/Das-Erste\/Video?bcastId=329478&amp;documentId=53182188\">Hier ein kurzes Video aus dem deutschen Fernsehen&nbsp;(hier&nbsp;klicken)<\/a><\/p>\n<p>Sie begann am 30. November 1999 als MONUC (the United Nations Organization Mission in Democratic Republic of the Congo),&nbsp; wurde am 1. July 2010 zur MONUSCO (the United Nations Organization Stabilization Mission in the Democratic Republic of the Congo).<\/p>\n<p>Die Truppenst\u00e4rke liegt derzeit bei 16215 Personen aus 50 verschiedenen Nationen.<\/p>\n<p>Eine Stabilisierung des Landes, nicht zu reden von einem dauerhaften Frieden, ist derzeit nicht in Sicht. Immer wieder ersch\u00fcttert die Gewalt von Armee und verschiedenen Milizen an der Zivilbev\u00f6lkerung in der DR Kongo die Region.<\/p>\n<p>Hierbei geht es zumeist um Einfluss, Macht, ethnische Konflikte und den Zugriff auf die gewaltigen Bodensch\u00e4tze der Region. Leidtragende sind die Menschen, die unter den Auswirkung zu leiden haben. Es herrscht eine der gravierendsten humanit\u00e4ren Krisen weltweit. Insgesamt sind hier \u00fcber 5 Millionen Menschen ums Leben gekommen. Obwohl reich an Rohstoffen, z\u00e4hlt der Kongo zu den \u00e4rmsten L\u00e4ndern der Welt.<\/p>\n<p>Im ganzen Land befanden sich im M\u00e4rz 2018 laut UNHCR 4,5 Millionen Binnenvertriebene. 714.000 Kongo-Fl\u00fcchtlinge suchen Schutz in Nachbarl\u00e4ndern. \u00dcber 13 Millionen Hilfsbed\u00fcrftige befinden sich im Land, von denen \u00fcber die H\u00e4lfte dringend Nahrungsmittelhilfe ben\u00f6tigen.<\/p>\n<p>In unserem Einsatzgebiet &#8211; den Ostprovinzen Nord- und S\u00fcd Kivu &#8211; operieren mindestens 70 verschiedene Milizen und etwa 1,6 Millionen Menschen sind Binnenfl\u00fcchtlinge. Hilfe ist auf allen Ebenen erforderlich. Unsere Schwerpunkte liegen in den Bereichen Bildung, medizinische Hilfe, Vers\u00f6hnung und Entwicklung.<\/p>\n<p>Wir m\u00f6chten helfen, der vielf\u00e4ltigen Not zu begegnen. Dazu arbeiten wir mit christlichen Gemeinden und Organisationen vor Ort zusammen und orientieren uns an den Bed\u00fcrfnissen, die von der Bev\u00f6lkerung genannt werden<\/p>\nngg_shortcode_0_placeholder\n","protected":false},"excerpt":{"rendered":"<p>Seit nunmehr 22 Jahren erleben die Menschen in der DR Kongo immer wieder aufflammende Kriege und Konflikte. Hier steht die&hellip;<\/p>\n","protected":false},"author":1,"featured_media":0,"parent":0,"menu_order":0,"comment_status":"closed","ping_status":"closed","template":"","meta":{"ngg_post_thumbnail":0,"footnotes":""},"class_list":["post-71","page","type-page","status-publish","hentry"],"_links":{"self":[{"href":"https:\/\/godcares.de\/index.php\/wp-json\/wp\/v2\/pages\/71","targetHints":{"allow":["GET"]}}],"collection":[{"href":"https:\/\/godcares.de\/index.php\/wp-json\/wp\/v2\/pages"}],"about":[{"href":"https:\/\/godcares.de\/index.php\/wp-json\/wp\/v2\/types\/page"}],"author":[{"embeddable":true,"href":"https:\/\/godcares.de\/index.php\/wp-json\/wp\/v2\/users\/1"}],"replies":[{"embeddable":true,"href":"https:\/\/godcares.de\/index.php\/wp-json\/wp\/v2\/comments?post=71"}],"version-history":[{"count":0,"href":"https:\/\/godcares.de\/index.php\/wp-json\/wp\/v2\/pages\/71\/revisions"}],"wp:attachment":[{"href":"https:\/\/godcares.de\/index.php\/wp-json\/wp\/v2\/media?parent=71"}],"curies":[{"name":"wp","href":"https:\/\/api.w.org\/{rel}","templated":true}]}}