{"id":69,"date":"2014-06-12T20:27:10","date_gmt":"2014-06-12T20:27:10","guid":{"rendered":"http:\/\/godcares.vereins-hosting.de\/?page_id=69"},"modified":"2020-02-08T09:32:42","modified_gmt":"2020-02-08T09:32:42","slug":"ruanda","status":"publish","type":"page","link":"https:\/\/godcares.de\/index.php\/ruanda\/","title":{"rendered":"Ruanda"},"content":{"rendered":"<p>Ruanda ist ein kleiner Binnenstaat im Herzen Afrikas. Wegen seiner vielen Berge und H\u00fcgel wird es auch als die \u201eSchweiz Afrikas\u201c bezeichnet. Bekannt wurde das Land durch die Arbeit von Dian Fossey, die unter den Berggorillas der Virunga Vulkane lebte, forschte und sich unerm\u00fcdlich f\u00fcr den Schutz der Tiere einsetzte.<\/p>\n<p>St\u00e4rkere Pr\u00e4senz in den westlichen Medien erlangte Ruanda haupts\u00e4chlich wegen des Genozids 1994, dem \u00fcber 1 Millionen Menschen zum Opfer fielen. Heute 25 Jahre nach dem V\u00f6lkermord, zeigt sich Ruanda als ein stabiles, aufstrebendes Land. Die wirtschaftliche Entwicklung ist beispielhaft, Korruption ist praktisch nicht vorhanden.<\/p>\n<p>Dennoch lastet die Vergangenheit noch schwer auf diesem Land. Die Regierung hat viel zur Bew\u00e4ltigung des Genozids getan, aber es bleibt auch noch viel zu tun. Viele T\u00e4ter des Genozids kommen nach vielen Jahren Haft aus dem Gef\u00e4ngnis und kehren in ihre D\u00f6rfer zur\u00fcck. Hier treffen sie auf \u00dcberlebende des Genozids, was eine gro\u00dfe Herausforderung darstellt. Der Dienst der Vers\u00f6hnung stellt in diesem Kontext einen Schl\u00fcssel zur Bew\u00e4ltigung dieser Situation dar.<\/p>\n<p>&nbsp;<\/p>\n\n\n<div class=\"wp-block-group\"><div class=\"wp-block-group__inner-container is-layout-flow wp-block-group-is-layout-flow\">\nngg_shortcode_0_placeholder\n<\/div><\/div>\n","protected":false},"excerpt":{"rendered":"<p>Ruanda ist ein kleiner Binnenstaat im Herzen Afrikas. Wegen seiner vielen Berge und H\u00fcgel wird es auch als die \u201eSchweiz&hellip;<\/p>\n","protected":false},"author":1,"featured_media":0,"parent":0,"menu_order":0,"comment_status":"closed","ping_status":"closed","template":"","meta":{"ngg_post_thumbnail":0,"footnotes":""},"class_list":["post-69","page","type-page","status-publish","hentry"],"_links":{"self":[{"href":"https:\/\/godcares.de\/index.php\/wp-json\/wp\/v2\/pages\/69","targetHints":{"allow":["GET"]}}],"collection":[{"href":"https:\/\/godcares.de\/index.php\/wp-json\/wp\/v2\/pages"}],"about":[{"href":"https:\/\/godcares.de\/index.php\/wp-json\/wp\/v2\/types\/page"}],"author":[{"embeddable":true,"href":"https:\/\/godcares.de\/index.php\/wp-json\/wp\/v2\/users\/1"}],"replies":[{"embeddable":true,"href":"https:\/\/godcares.de\/index.php\/wp-json\/wp\/v2\/comments?post=69"}],"version-history":[{"count":0,"href":"https:\/\/godcares.de\/index.php\/wp-json\/wp\/v2\/pages\/69\/revisions"}],"wp:attachment":[{"href":"https:\/\/godcares.de\/index.php\/wp-json\/wp\/v2\/media?parent=69"}],"curies":[{"name":"wp","href":"https:\/\/api.w.org\/{rel}","templated":true}]}}