{"id":63,"date":"2014-06-12T20:28:59","date_gmt":"2014-06-12T20:28:59","guid":{"rendered":"http:\/\/godcares.vereins-hosting.de\/?page_id=63"},"modified":"2019-01-12T15:22:38","modified_gmt":"2019-01-12T15:22:38","slug":"patenschaften","status":"publish","type":"page","link":"https:\/\/godcares.de\/index.php\/patenschaften\/","title":{"rendered":"Patenschaften in Muhanga"},"content":{"rendered":"<p>Muhanga liegt etwa eine Autostunde von Kigali entfernt. Dort lebt eine Gemeinschaft von kongolesischen Frauen, Kindern und wenigen M\u00e4nnern, die 1996 ein Massaker in dem Ort Bibokoboko (Provinz S\u00fcdkivu, DR Kongo) \u00fcberlebt haben.<\/p>\n<p>Damals \u00fcberfielen Mai-Mai Milizen das Dorf,&nbsp;t\u00f6teten viele Menschen, folterten, vergewaltigten und verschleppten Menschen. Mit Hilfe von ruandischen Christen konnten einige der \u00dcberlebenden in Muhanga angesiedelt werden. Seit dem Jahr 2009 kenn<\/p>\n<p>en und besuchen wir die Gemeinschaft immer wieder und es sind liebevolle Beziehungen entstanden.<\/p>\n<p>Die gr\u00f6\u00dfte Not der Menschen ist die Bildung ihrer Kinder. In Ruanda k\u00f6nnen Kinder bis zur 6. Klasse die Schule besuchen, ohne daf\u00fcr Geld zu bezahlen. Dies ist ein gro\u00dfer Fortschritt! Danach m\u00fcssen die Eltern Schulgeld, Schuluniform und Lehrmaterial bezahlen.<\/p>\n<p>Die Menschen in Muhanga verf\u00fcgen nicht \u00fcber diese Mittel und haben uns gebeten Paten zu finden die bereit sind, diese Kosten zu \u00fcbernehmen. So konnten 14 Patenschaften vermittelt werden. Die Freude und Dankbarkeit der Menschen dar\u00fcber ist beeindruckend.<\/p>\n<p>Mittlerweile studieren 7 Jugendliche, einer hat sein Studium bereits erfolgreich abgeschlossen. Olivier Mbonye koordiniert die Patenschaften f\u00fcr uns vor Ort.<\/p>\n<div id=\"attachment_1165\" style=\"width: 733px\" class=\"wp-caption aligncenter\"><a href=\"http:\/\/godcares.de\/wp-content\/uploads\/2019\/01\/Gruppenbild.jpg\"><img loading=\"lazy\" decoding=\"async\" aria-describedby=\"caption-attachment-1165\" class=\" wp-image-1165\" src=\"http:\/\/godcares.de\/wp-content\/uploads\/2019\/01\/Gruppenbild-1024x697.jpg\" alt=\"\" width=\"723\" height=\"492\"><\/a><p id=\"caption-attachment-1165\" class=\"wp-caption-text\">Gruppenbild<\/p><\/div>\n<div id=\"attachment_1068\" style=\"width: 744px\" class=\"wp-caption aligncenter\"><a href=\"http:\/\/godcares.de\/wp-content\/uploads\/2018\/11\/Olivier-Mbonye-.jpg\"><img loading=\"lazy\" decoding=\"async\" aria-describedby=\"caption-attachment-1068\" class=\" wp-image-1068\" src=\"http:\/\/godcares.de\/wp-content\/uploads\/2018\/11\/Olivier-Mbonye-.jpg\" alt=\"\" width=\"734\" height=\"525\" srcset=\"https:\/\/godcares.de\/wp-content\/uploads\/2018\/11\/Olivier-Mbonye-.jpg 913w, https:\/\/godcares.de\/wp-content\/uploads\/2018\/11\/Olivier-Mbonye--300x215.jpg 300w, https:\/\/godcares.de\/wp-content\/uploads\/2018\/11\/Olivier-Mbonye--768x549.jpg 768w, https:\/\/godcares.de\/wp-content\/uploads\/2018\/11\/Olivier-Mbonye--830x594.jpg 830w, https:\/\/godcares.de\/wp-content\/uploads\/2018\/11\/Olivier-Mbonye--230x165.jpg 230w, https:\/\/godcares.de\/wp-content\/uploads\/2018\/11\/Olivier-Mbonye--350x250.jpg 350w, https:\/\/godcares.de\/wp-content\/uploads\/2018\/11\/Olivier-Mbonye--480x343.jpg 480w\" sizes=\"auto, (max-width: 734px) 100vw, 734px\" \/><\/a><p id=\"caption-attachment-1068\" class=\"wp-caption-text\">Unser Koordinator vor Ort &#8211; Olivier Mbonye<\/p><\/div>\n<p>&nbsp;<\/p>\n<p>&nbsp;<\/p>\n<div id=\"attachment_236\" style=\"width: 746px\" class=\"wp-caption aligncenter\"><a href=\"http:\/\/godcares.de\/wp-content\/uploads\/2014\/06\/gitarama1.jpg\"><img loading=\"lazy\" decoding=\"async\" aria-describedby=\"caption-attachment-236\" class=\"wp-image-236\" src=\"http:\/\/godcares.de\/wp-content\/uploads\/2014\/06\/gitarama1.jpg\" alt=\"Gitarama1\" width=\"736\" height=\"603\" srcset=\"https:\/\/godcares.de\/wp-content\/uploads\/2014\/06\/gitarama1.jpg 512w, https:\/\/godcares.de\/wp-content\/uploads\/2014\/06\/gitarama1-300x245.jpg 300w\" sizes=\"auto, (max-width: 736px) 100vw, 736px\" \/><\/a><p id=\"caption-attachment-236\" class=\"wp-caption-text\"><span style=\"color: #000000;\">\u00dcberw\u00e4ltigende Gef\u00fchle beim Treffen mit dem Patenkind<\/span><\/p><\/div>\n<p>&nbsp;<\/p>\n<div id=\"attachment_237\" style=\"width: 755px\" class=\"wp-caption aligncenter\"><a href=\"http:\/\/godcares.de\/wp-content\/uploads\/2014\/06\/gitarama3.jpg\"><img loading=\"lazy\" decoding=\"async\" aria-describedby=\"caption-attachment-237\" class=\"wp-image-237\" src=\"http:\/\/godcares.de\/wp-content\/uploads\/2014\/06\/gitarama3.jpg\" alt=\"Gitarama3\" width=\"745\" height=\"559\" srcset=\"https:\/\/godcares.de\/wp-content\/uploads\/2014\/06\/gitarama3.jpg 512w, https:\/\/godcares.de\/wp-content\/uploads\/2014\/06\/gitarama3-300x225.jpg 300w\" sizes=\"auto, (max-width: 745px) 100vw, 745px\" \/><\/a><p id=\"caption-attachment-237\" class=\"wp-caption-text\"><span style=\"color: #000000;\">Beziehungen entstehen&#8230;<\/span><\/p><\/div>\n<div id=\"attachment_238\" style=\"width: 759px\" class=\"wp-caption aligncenter\"><a href=\"http:\/\/godcares.de\/wp-content\/uploads\/2014\/06\/gitarama4.jpg\"><img loading=\"lazy\" decoding=\"async\" aria-describedby=\"caption-attachment-238\" class=\"wp-image-238\" src=\"http:\/\/godcares.de\/wp-content\/uploads\/2014\/06\/gitarama4.jpg\" alt=\"Gitarama4\" width=\"749\" height=\"562\" srcset=\"https:\/\/godcares.de\/wp-content\/uploads\/2014\/06\/gitarama4.jpg 512w, https:\/\/godcares.de\/wp-content\/uploads\/2014\/06\/gitarama4-300x225.jpg 300w\" sizes=\"auto, (max-width: 749px) 100vw, 749px\" \/><\/a><p id=\"caption-attachment-238\" class=\"wp-caption-text\"><span style=\"color: #000000;\">&#8230;..bestehende Beziehungen vertiefen sich<\/span><\/p><\/div>\n<p style=\"text-align: center;\"><span style=\"font-size: 12pt;\">.<\/span><\/p>\n<p style=\"text-align: center;\"><span style=\"color: #000000; font-size: 12pt;\">&nbsp;<\/span><\/p>\n<p>&nbsp;<\/p>\n<p>&nbsp;<\/p>\n\n","protected":false},"excerpt":{"rendered":"<p>Muhanga liegt etwa eine Autostunde von Kigali entfernt. Dort lebt eine Gemeinschaft von kongolesischen Frauen, Kindern und wenigen M\u00e4nnern, die&hellip;<\/p>\n","protected":false},"author":1,"featured_media":0,"parent":0,"menu_order":0,"comment_status":"closed","ping_status":"closed","template":"","meta":{"ngg_post_thumbnail":0,"footnotes":""},"class_list":["post-63","page","type-page","status-publish","hentry"],"_links":{"self":[{"href":"https:\/\/godcares.de\/index.php\/wp-json\/wp\/v2\/pages\/63","targetHints":{"allow":["GET"]}}],"collection":[{"href":"https:\/\/godcares.de\/index.php\/wp-json\/wp\/v2\/pages"}],"about":[{"href":"https:\/\/godcares.de\/index.php\/wp-json\/wp\/v2\/types\/page"}],"author":[{"embeddable":true,"href":"https:\/\/godcares.de\/index.php\/wp-json\/wp\/v2\/users\/1"}],"replies":[{"embeddable":true,"href":"https:\/\/godcares.de\/index.php\/wp-json\/wp\/v2\/comments?post=63"}],"version-history":[{"count":0,"href":"https:\/\/godcares.de\/index.php\/wp-json\/wp\/v2\/pages\/63\/revisions"}],"wp:attachment":[{"href":"https:\/\/godcares.de\/index.php\/wp-json\/wp\/v2\/media?parent=63"}],"curies":[{"name":"wp","href":"https:\/\/api.w.org\/{rel}","templated":true}]}}