{"id":516,"date":"2016-12-11T12:19:35","date_gmt":"2016-12-11T12:19:35","guid":{"rendered":"http:\/\/godcares.de\/?page_id=516"},"modified":"2019-01-12T16:18:41","modified_gmt":"2019-01-12T16:18:41","slug":"doerfliche-entwicklung","status":"publish","type":"page","link":"https:\/\/godcares.de\/index.php\/doerfliche-entwicklung\/","title":{"rendered":"D\u00f6rfliche Entwicklung"},"content":{"rendered":"<p><span style=\"margin: 0px; color: #000000; font-family: 'Calibri','sans-serif';\"><span style=\"font-size: medium;\">Der Dienst der Vers\u00f6hnung geht Hand in Hand mit dem Dienst der Entwicklung. Dabei richten wir uns nach den Bed\u00fcrfnissen, die uns von der Bev\u00f6lkerung genannt werden. Wichtig ist uns die Begegnung auf Augenh\u00f6he. Wir stellen uns nicht als die besser wissenden Europ\u00e4er dar! Das Potential zur Verbesserung der Lebensumst\u00e4nde liegt in den Menschen vor Ort. Sie ben\u00f6tigen lediglich unsere Unterst\u00fctzung. Dazu treten wir mit ihnen in einen Dialog und bauen Beziehungen auf. Die Bandbreite der gemeinsam entwickelten und durchgef\u00fchrten Projekte ist gro\u00df und reicht vom Schul- und H\u00e4userbau \u00fcber die Pflanzung von Obstb\u00e4umen zur Behebung von Mangelern\u00e4hrung bis zur Unterst\u00fctzung von Kooperativen. Die gemeinsame Arbeit (Hand anlegen) mit den Menschen vor Ort ist uns bei unseren Besuchen sehr wichtig und f\u00f6rdert den Beziehungsaufbau.<\/span><\/span><\/p>\n\n\n<figure class=\"wp-block-image is-resized\"><img loading=\"lazy\" decoding=\"async\" src=\"http:\/\/godcares.de\/wp-content\/uploads\/2019\/01\/Rubavu-Obstb\u00e4ume-pflanzen-1024x768.jpg\" alt=\"\" class=\"wp-image-1184\" width=\"768\" height=\"576\" srcset=\"https:\/\/godcares.de\/wp-content\/uploads\/2019\/01\/Rubavu-Obstb\u00e4ume-pflanzen-1024x768.jpg 1024w, https:\/\/godcares.de\/wp-content\/uploads\/2019\/01\/Rubavu-Obstb\u00e4ume-pflanzen-300x225.jpg 300w, https:\/\/godcares.de\/wp-content\/uploads\/2019\/01\/Rubavu-Obstb\u00e4ume-pflanzen-768x576.jpg 768w, https:\/\/godcares.de\/wp-content\/uploads\/2019\/01\/Rubavu-Obstb\u00e4ume-pflanzen-830x623.jpg 830w, https:\/\/godcares.de\/wp-content\/uploads\/2019\/01\/Rubavu-Obstb\u00e4ume-pflanzen-230x173.jpg 230w, https:\/\/godcares.de\/wp-content\/uploads\/2019\/01\/Rubavu-Obstb\u00e4ume-pflanzen-350x263.jpg 350w, https:\/\/godcares.de\/wp-content\/uploads\/2019\/01\/Rubavu-Obstb\u00e4ume-pflanzen-480x360.jpg 480w, https:\/\/godcares.de\/wp-content\/uploads\/2019\/01\/Rubavu-Obstb\u00e4ume-pflanzen.jpg 1386w\" sizes=\"auto, (max-width: 768px) 100vw, 768px\" \/><figcaption>Rubavu &#8211; Obstb\u00e4ume pflanzen<\/figcaption><\/figure>\n\n\n\n<figure class=\"wp-block-image is-resized\"><img loading=\"lazy\" decoding=\"async\" src=\"http:\/\/godcares.de\/wp-content\/uploads\/2019\/01\/Rubavu-Obstb\u00e4ume-pflanzen-2-1024x768.jpg\" alt=\"\" class=\"wp-image-1186\" width=\"768\" height=\"576\" srcset=\"https:\/\/godcares.de\/wp-content\/uploads\/2019\/01\/Rubavu-Obstb\u00e4ume-pflanzen-2-1024x768.jpg 1024w, https:\/\/godcares.de\/wp-content\/uploads\/2019\/01\/Rubavu-Obstb\u00e4ume-pflanzen-2-300x225.jpg 300w, https:\/\/godcares.de\/wp-content\/uploads\/2019\/01\/Rubavu-Obstb\u00e4ume-pflanzen-2-768x576.jpg 768w, https:\/\/godcares.de\/wp-content\/uploads\/2019\/01\/Rubavu-Obstb\u00e4ume-pflanzen-2-830x623.jpg 830w, https:\/\/godcares.de\/wp-content\/uploads\/2019\/01\/Rubavu-Obstb\u00e4ume-pflanzen-2-230x173.jpg 230w, https:\/\/godcares.de\/wp-content\/uploads\/2019\/01\/Rubavu-Obstb\u00e4ume-pflanzen-2-350x263.jpg 350w, https:\/\/godcares.de\/wp-content\/uploads\/2019\/01\/Rubavu-Obstb\u00e4ume-pflanzen-2-480x360.jpg 480w, https:\/\/godcares.de\/wp-content\/uploads\/2019\/01\/Rubavu-Obstb\u00e4ume-pflanzen-2.jpg 1386w\" sizes=\"auto, (max-width: 768px) 100vw, 768px\" \/><figcaption>Rubavu &#8211; Obstb\u00e4ume pflanzen 2<\/figcaption><\/figure>\n\n\n\n<div class=\"wp-block-image\"><figure class=\"aligncenter is-resized\"><img loading=\"lazy\" decoding=\"async\" src=\"http:\/\/godcares.de\/wp-content\/uploads\/2019\/01\/Hausbau-896x1024.jpg\" alt=\"\" class=\"wp-image-1187\" width=\"448\" height=\"512\" srcset=\"https:\/\/godcares.de\/wp-content\/uploads\/2019\/01\/Hausbau-896x1024.jpg 896w, https:\/\/godcares.de\/wp-content\/uploads\/2019\/01\/Hausbau-262x300.jpg 262w, https:\/\/godcares.de\/wp-content\/uploads\/2019\/01\/Hausbau-768x878.jpg 768w, https:\/\/godcares.de\/wp-content\/uploads\/2019\/01\/Hausbau-830x949.jpg 830w, https:\/\/godcares.de\/wp-content\/uploads\/2019\/01\/Hausbau-230x263.jpg 230w, https:\/\/godcares.de\/wp-content\/uploads\/2019\/01\/Hausbau-350x400.jpg 350w, https:\/\/godcares.de\/wp-content\/uploads\/2019\/01\/Hausbau-480x549.jpg 480w, https:\/\/godcares.de\/wp-content\/uploads\/2019\/01\/Hausbau.jpg 1384w\" sizes=\"auto, (max-width: 448px) 100vw, 448px\" \/><figcaption>Hausbau in Mugina<\/figcaption><\/figure><\/div>\n\n\n\n<div class=\"wp-block-image\"><figure class=\"alignleft is-resized\"><img loading=\"lazy\" decoding=\"async\" src=\"http:\/\/godcares.de\/wp-content\/uploads\/2019\/01\/Hausbau-Fundament-1024x768.jpg\" alt=\"\" class=\"wp-image-1188\" width=\"768\" height=\"576\" srcset=\"https:\/\/godcares.de\/wp-content\/uploads\/2019\/01\/Hausbau-Fundament-1024x768.jpg 1024w, https:\/\/godcares.de\/wp-content\/uploads\/2019\/01\/Hausbau-Fundament-300x225.jpg 300w, https:\/\/godcares.de\/wp-content\/uploads\/2019\/01\/Hausbau-Fundament-768x576.jpg 768w, https:\/\/godcares.de\/wp-content\/uploads\/2019\/01\/Hausbau-Fundament-830x623.jpg 830w, https:\/\/godcares.de\/wp-content\/uploads\/2019\/01\/Hausbau-Fundament-230x173.jpg 230w, https:\/\/godcares.de\/wp-content\/uploads\/2019\/01\/Hausbau-Fundament-350x263.jpg 350w, https:\/\/godcares.de\/wp-content\/uploads\/2019\/01\/Hausbau-Fundament-480x360.jpg 480w, https:\/\/godcares.de\/wp-content\/uploads\/2019\/01\/Hausbau-Fundament.jpg 1386w\" sizes=\"auto, (max-width: 768px) 100vw, 768px\" \/><figcaption>Mugina &#8211; Fundament f\u00fcr Haus<\/figcaption><\/figure><\/div>\n\n\n\n<figure class=\"wp-block-image is-resized\"><img loading=\"lazy\" decoding=\"async\" src=\"http:\/\/godcares.de\/wp-content\/uploads\/2019\/01\/Rubavu-Feldarbeit-1024x768.jpg\" alt=\"\" class=\"wp-image-1190\" width=\"768\" height=\"576\" srcset=\"https:\/\/godcares.de\/wp-content\/uploads\/2019\/01\/Rubavu-Feldarbeit-1024x768.jpg 1024w, https:\/\/godcares.de\/wp-content\/uploads\/2019\/01\/Rubavu-Feldarbeit-300x225.jpg 300w, https:\/\/godcares.de\/wp-content\/uploads\/2019\/01\/Rubavu-Feldarbeit-768x576.jpg 768w, https:\/\/godcares.de\/wp-content\/uploads\/2019\/01\/Rubavu-Feldarbeit-830x623.jpg 830w, https:\/\/godcares.de\/wp-content\/uploads\/2019\/01\/Rubavu-Feldarbeit-230x173.jpg 230w, https:\/\/godcares.de\/wp-content\/uploads\/2019\/01\/Rubavu-Feldarbeit-350x263.jpg 350w, https:\/\/godcares.de\/wp-content\/uploads\/2019\/01\/Rubavu-Feldarbeit-480x360.jpg 480w, https:\/\/godcares.de\/wp-content\/uploads\/2019\/01\/Rubavu-Feldarbeit.jpg 1386w\" sizes=\"auto, (max-width: 768px) 100vw, 768px\" \/><figcaption>Rubavu -Feldarbeit<\/figcaption><\/figure>\n\n\n\n<figure class=\"wp-block-image is-resized\"><img loading=\"lazy\" decoding=\"async\" src=\"http:\/\/godcares.de\/wp-content\/uploads\/2019\/01\/Ruvavu-Feldarbeit-2-1024x768.jpg\" alt=\"\" class=\"wp-image-1191\" width=\"768\" height=\"576\" srcset=\"https:\/\/godcares.de\/wp-content\/uploads\/2019\/01\/Ruvavu-Feldarbeit-2-1024x768.jpg 1024w, https:\/\/godcares.de\/wp-content\/uploads\/2019\/01\/Ruvavu-Feldarbeit-2-300x225.jpg 300w, https:\/\/godcares.de\/wp-content\/uploads\/2019\/01\/Ruvavu-Feldarbeit-2-768x576.jpg 768w, https:\/\/godcares.de\/wp-content\/uploads\/2019\/01\/Ruvavu-Feldarbeit-2-830x623.jpg 830w, https:\/\/godcares.de\/wp-content\/uploads\/2019\/01\/Ruvavu-Feldarbeit-2-230x173.jpg 230w, https:\/\/godcares.de\/wp-content\/uploads\/2019\/01\/Ruvavu-Feldarbeit-2-350x263.jpg 350w, https:\/\/godcares.de\/wp-content\/uploads\/2019\/01\/Ruvavu-Feldarbeit-2-480x360.jpg 480w, https:\/\/godcares.de\/wp-content\/uploads\/2019\/01\/Ruvavu-Feldarbeit-2.jpg 1386w\" sizes=\"auto, (max-width: 768px) 100vw, 768px\" \/><figcaption>Ruvavu &#8211; Feldarbeit 2<\/figcaption><\/figure>\n","protected":false},"excerpt":{"rendered":"<p>Der Dienst der Vers\u00f6hnung geht Hand in Hand mit dem Dienst der Entwicklung. Dabei richten wir uns nach den Bed\u00fcrfnissen,&hellip;<\/p>\n","protected":false},"author":1,"featured_media":0,"parent":0,"menu_order":0,"comment_status":"closed","ping_status":"closed","template":"","meta":{"ngg_post_thumbnail":0,"footnotes":""},"class_list":["post-516","page","type-page","status-publish","hentry"],"_links":{"self":[{"href":"https:\/\/godcares.de\/index.php\/wp-json\/wp\/v2\/pages\/516","targetHints":{"allow":["GET"]}}],"collection":[{"href":"https:\/\/godcares.de\/index.php\/wp-json\/wp\/v2\/pages"}],"about":[{"href":"https:\/\/godcares.de\/index.php\/wp-json\/wp\/v2\/types\/page"}],"author":[{"embeddable":true,"href":"https:\/\/godcares.de\/index.php\/wp-json\/wp\/v2\/users\/1"}],"replies":[{"embeddable":true,"href":"https:\/\/godcares.de\/index.php\/wp-json\/wp\/v2\/comments?post=516"}],"version-history":[{"count":0,"href":"https:\/\/godcares.de\/index.php\/wp-json\/wp\/v2\/pages\/516\/revisions"}],"wp:attachment":[{"href":"https:\/\/godcares.de\/index.php\/wp-json\/wp\/v2\/media?parent=516"}],"curies":[{"name":"wp","href":"https:\/\/api.w.org\/{rel}","templated":true}]}}