{"id":496,"date":"2016-12-08T17:36:32","date_gmt":"2016-12-08T17:36:32","guid":{"rendered":"http:\/\/godcares.de\/?page_id=496"},"modified":"2018-11-18T18:12:57","modified_gmt":"2018-11-18T18:12:57","slug":"versoehnung","status":"publish","type":"page","link":"https:\/\/godcares.de\/index.php\/versoehnung\/","title":{"rendered":"Vers\u00f6hnung &#8211; Cows for peace &#8211;"},"content":{"rendered":"<p><span style=\"color: rgb(0, 0, 0); font-family: Calibri;\">Auch 24 Jahre nach dem V\u00f6lkermord ist der Dienst der Vers\u00f6hnung in Ruanda enorm wichtig. Gro\u00dfe Teile der Bev\u00f6lkerung leiden noch unter den Traumata des Erlebten. <\/span><\/p>\n<p><span style=\"color: rgb(0, 0, 0); font-family: Calibri;\">Viele T\u00e4ter werden nach Verb\u00fc\u00dfung ihrer Haftstrafen aus den Gef\u00e4ngnissen entlassen und kehren in ihre D\u00f6rfer zur\u00fcck, wo sie auf die Opfer ihrer Gr\u00e4ueltaten treffen. Dies f\u00fchrt zu vielerlei Problemen, die das soziale Miteinander erschweren und zum Teil auch unm\u00f6glich erscheinen lassen. <\/span><span style=\"color: rgb(0, 0, 0); font-family: Calibri;\">&nbsp;<\/span><\/p>\n<p><span style=\"color: rgb(0, 0, 0); font-family: Calibri;\">Der Dienst der Vers\u00f6hnung stellt hier einen Schl\u00fcssel zur Bew\u00e4ltigung dieser Situation dar. Wir kooperieren dazu mit dem Dienst der lokalen NGO <span style='margin: 0px; color: rgb(0, 0, 0); font-family: \"Calibri\",\"sans-serif\";'>&nbsp;<a href=\"http:\/\/www.carsaministry.org\/\" target=\"_blank\" rel=\"noopener\">\u201eCARSA\u201c (Christian Action for Reconciliation and Sozial Assistance)<\/a><\/span>&nbsp; in der Region Mugina.<\/span><\/p>\n<p><span style=\"color: rgb(0, 0, 0); font-family: Calibri;\">T\u00e4ter und Opfer werden zu einem Vers\u00f6hnungsseminar eingeladen. Wenn sie den Schritt der Vers\u00f6hnung gegangen sind, erhalten sie gemeinsam eine Kuh, f\u00fcr die sie t\u00e4glich gemeinsam sorgen m\u00fcssen. In der ruandischen Kultur ist die Kuh ein Zeichen von Reichtum, Wohlergehen und Ehrerbietung. <\/span><\/p>\n<p><span style=\"color: rgb(0, 0, 0); font-family: Calibri;\">Zun\u00e4chst wird beim Haus des Opfers gemeinsam der Kuhstall gebaut. Dort bleibt die Kuh bis sie ihr erstes Junges gebiert. Dieses Kalb erh\u00e4lt dann der T\u00e4ter. Durch die gemeinsame Pflege der Kuh lernen T\u00e4ter und Opfer auf der t\u00e4glichen Basis, einander zu begegnen und den Alltag zu teilen. Regelm\u00e4\u00dfig treffen sie sich mit anderen T\u00e4tern und \u00dcberlebenden in kleinen Vers\u00f6hnungsgruppen. Dort sprechen sie \u00fcber die Fortschritte, aber auch \u00fcber die Schwierigkeiten, denen sie sich stellen m\u00fcssen. Dies ist der Ort, wo sie weitere Hilfe und Ermutigung f\u00fcr ihr Leben erhalten.<\/span><\/p>\n<div id=\"attachment_1060\" style=\"width: 1034px\" class=\"wp-caption aligncenter\"><a href=\"http:\/\/godcares.de\/wp-content\/uploads\/2018\/11\/T\u00e4ter-Opfer-Mugina.png\"><img loading=\"lazy\" decoding=\"async\" aria-describedby=\"caption-attachment-1060\" width=\"1024\" height=\"770\" class=\"size-large wp-image-1060\" alt=\"\" src=\"http:\/\/godcares.de\/wp-content\/uploads\/2018\/11\/T\u00e4ter-Opfer-Mugina-1024x770.png\" srcset=\"https:\/\/godcares.de\/wp-content\/uploads\/2018\/11\/T\u00e4ter-Opfer-Mugina-1024x770.png 1024w, https:\/\/godcares.de\/wp-content\/uploads\/2018\/11\/T\u00e4ter-Opfer-Mugina-300x225.png 300w, https:\/\/godcares.de\/wp-content\/uploads\/2018\/11\/T\u00e4ter-Opfer-Mugina-768x577.png 768w, https:\/\/godcares.de\/wp-content\/uploads\/2018\/11\/T\u00e4ter-Opfer-Mugina-830x624.png 830w, https:\/\/godcares.de\/wp-content\/uploads\/2018\/11\/T\u00e4ter-Opfer-Mugina-230x173.png 230w, https:\/\/godcares.de\/wp-content\/uploads\/2018\/11\/T\u00e4ter-Opfer-Mugina-350x263.png 350w, https:\/\/godcares.de\/wp-content\/uploads\/2018\/11\/T\u00e4ter-Opfer-Mugina-480x361.png 480w, https:\/\/godcares.de\/wp-content\/uploads\/2018\/11\/T\u00e4ter-Opfer-Mugina.png 1232w\" sizes=\"auto, (max-width: 1024px) 100vw, 1024px\" \/><\/a><p id=\"caption-attachment-1060\" class=\"wp-caption-text\">T\u00e4ter und Opfer vers\u00f6hnt in Mugina (Ruanda)<\/p><\/div>\n<div id=\"attachment_1061\" style=\"width: 1034px\" class=\"wp-caption aligncenter\"><a href=\"http:\/\/godcares.de\/wp-content\/uploads\/2018\/11\/Unterstand-f\u00fcr-Kuh.png\"><img loading=\"lazy\" decoding=\"async\" aria-describedby=\"caption-attachment-1061\" width=\"1024\" height=\"698\" class=\"size-large wp-image-1061\" alt=\"\" src=\"http:\/\/godcares.de\/wp-content\/uploads\/2018\/11\/Unterstand-f\u00fcr-Kuh-1024x698.png\" srcset=\"https:\/\/godcares.de\/wp-content\/uploads\/2018\/11\/Unterstand-f\u00fcr-Kuh-1024x698.png 1024w, https:\/\/godcares.de\/wp-content\/uploads\/2018\/11\/Unterstand-f\u00fcr-Kuh-300x205.png 300w, https:\/\/godcares.de\/wp-content\/uploads\/2018\/11\/Unterstand-f\u00fcr-Kuh-768x524.png 768w, https:\/\/godcares.de\/wp-content\/uploads\/2018\/11\/Unterstand-f\u00fcr-Kuh-830x566.png 830w, https:\/\/godcares.de\/wp-content\/uploads\/2018\/11\/Unterstand-f\u00fcr-Kuh-230x157.png 230w, https:\/\/godcares.de\/wp-content\/uploads\/2018\/11\/Unterstand-f\u00fcr-Kuh-350x239.png 350w, https:\/\/godcares.de\/wp-content\/uploads\/2018\/11\/Unterstand-f\u00fcr-Kuh-480x327.png 480w, https:\/\/godcares.de\/wp-content\/uploads\/2018\/11\/Unterstand-f\u00fcr-Kuh.png 1358w\" sizes=\"auto, (max-width: 1024px) 100vw, 1024px\" \/><\/a><p id=\"caption-attachment-1061\" class=\"wp-caption-text\">Unterstand f\u00fcr Kuh<\/p><\/div>\n<p>&nbsp;<\/p>\n<p>P.S.&nbsp;&nbsp; Neben GOD CARES e.V. arbeitet auch das Institut f\u00fcr Auslandbeziehungen (Ausw\u00e4rtiges Amt) mit unserem Kooperationspartner CARSA zusammen.<\/p>\n<div id=\"attachment_762\" style=\"width: 810px\" class=\"wp-caption aligncenter\"><a href=\"http:\/\/godcares.de\/wp-content\/uploads\/2016\/12\/cow-for-peace.jpg\"><img loading=\"lazy\" decoding=\"async\" aria-describedby=\"caption-attachment-762\" width=\"800\" height=\"600\" class=\"wp-image-762 size-full\" alt=\"\" src=\"http:\/\/godcares.de\/wp-content\/uploads\/2016\/12\/cow-for-peace.jpg\" srcset=\"https:\/\/godcares.de\/wp-content\/uploads\/2016\/12\/cow-for-peace.jpg 800w, https:\/\/godcares.de\/wp-content\/uploads\/2016\/12\/cow-for-peace-300x225.jpg 300w, https:\/\/godcares.de\/wp-content\/uploads\/2016\/12\/cow-for-peace-768x576.jpg 768w, https:\/\/godcares.de\/wp-content\/uploads\/2016\/12\/cow-for-peace-600x450.jpg 600w, https:\/\/godcares.de\/wp-content\/uploads\/2016\/12\/cow-for-peace-230x173.jpg 230w, https:\/\/godcares.de\/wp-content\/uploads\/2016\/12\/cow-for-peace-350x263.jpg 350w, https:\/\/godcares.de\/wp-content\/uploads\/2016\/12\/cow-for-peace-480x360.jpg 480w\" sizes=\"auto, (max-width: 800px) 100vw, 800px\" \/><\/a><p id=\"caption-attachment-762\" class=\"wp-caption-text\">Cows for Peace Projekt<\/p><\/div>\n<p>&nbsp;<\/p>\n","protected":false},"excerpt":{"rendered":"<p>Auch 24 Jahre nach dem V\u00f6lkermord ist der Dienst der Vers\u00f6hnung in Ruanda enorm wichtig. Gro\u00dfe Teile der Bev\u00f6lkerung leiden&hellip;<\/p>\n","protected":false},"author":1,"featured_media":0,"parent":0,"menu_order":0,"comment_status":"closed","ping_status":"closed","template":"","meta":{"ngg_post_thumbnail":0,"footnotes":""},"class_list":["post-496","page","type-page","status-publish","hentry"],"_links":{"self":[{"href":"https:\/\/godcares.de\/index.php\/wp-json\/wp\/v2\/pages\/496","targetHints":{"allow":["GET"]}}],"collection":[{"href":"https:\/\/godcares.de\/index.php\/wp-json\/wp\/v2\/pages"}],"about":[{"href":"https:\/\/godcares.de\/index.php\/wp-json\/wp\/v2\/types\/page"}],"author":[{"embeddable":true,"href":"https:\/\/godcares.de\/index.php\/wp-json\/wp\/v2\/users\/1"}],"replies":[{"embeddable":true,"href":"https:\/\/godcares.de\/index.php\/wp-json\/wp\/v2\/comments?post=496"}],"version-history":[{"count":0,"href":"https:\/\/godcares.de\/index.php\/wp-json\/wp\/v2\/pages\/496\/revisions"}],"wp:attachment":[{"href":"https:\/\/godcares.de\/index.php\/wp-json\/wp\/v2\/media?parent=496"}],"curies":[{"name":"wp","href":"https:\/\/api.w.org\/{rel}","templated":true}]}}