{"id":485,"date":"2016-12-06T17:40:24","date_gmt":"2016-12-06T17:40:24","guid":{"rendered":"http:\/\/godcares.de\/?page_id=485"},"modified":"2018-11-04T17:52:46","modified_gmt":"2018-11-04T17:52:46","slug":"rusizi","status":"publish","type":"page","link":"https:\/\/godcares.de\/index.php\/rusizi\/","title":{"rendered":"Patenschaften in Rusizi"},"content":{"rendered":"<p><span style=\"color: rgb(0, 0, 0); font-family: Calibri;\">Patrick Habinshuti ist als Waisenkind aufgewachsen. Damals dachte er: wenn ich gro\u00df bin, sorge ich f\u00fcr Kinder, wie ich eines bin. Diese Vision hat er als Erwachsener umgesetzt. <\/span><\/p>\n<p><span style=\"color: rgb(0, 0, 0); font-family: Calibri;\">Die Kinder und Jugendlichen leben im Haus seiner Gro\u00dfmutter in Rusizi. <\/span><span style=\"color: rgb(0, 0, 0); font-family: Calibri;\">Seit dem Jahr 2009 unterst\u00fctzen wir die Kinder durch Patenschaften. Dadurch haben die Kinder nicht nur die M\u00f6glichkeit eine Schule zu besuchen, sondern wir helfen ihnen auch, ihren t\u00e4glichen Grundbedarf zum Leben abzusichern. <\/span><\/p>\n<p><span style=\"color: rgb(0, 0, 0); font-family: Calibri;\">Im Alter von 5 Jahren war Grace war das erste Kind, welches aufgenommen wurde. Durch eine Patenschaft wurde es ihr erm\u00f6glicht, in Kigali Betriebswirtschaft zu studieren.<\/span><\/p>\n<p>&nbsp;<\/p>\n<div id=\"attachment_486\" style=\"width: 647px\" class=\"wp-caption aligncenter\"><a href=\"http:\/\/godcares.de\/wp-content\/uploads\/2016\/12\/p1040190.jpg\"><img loading=\"lazy\" decoding=\"async\" aria-describedby=\"caption-attachment-486\" width=\"637\" height=\"425\" class=\" wp-image-486\" alt=\"Grace auf ihrem Campus der Kigali Independent University ULK\" src=\"http:\/\/godcares.de\/wp-content\/uploads\/2016\/12\/p1040190-1024x683.jpg\" srcset=\"https:\/\/godcares.de\/wp-content\/uploads\/2016\/12\/p1040190-1024x683.jpg 1024w, https:\/\/godcares.de\/wp-content\/uploads\/2016\/12\/p1040190-300x200.jpg 300w, https:\/\/godcares.de\/wp-content\/uploads\/2016\/12\/p1040190-768x512.jpg 768w, https:\/\/godcares.de\/wp-content\/uploads\/2016\/12\/p1040190-600x400.jpg 600w\" sizes=\"auto, (max-width: 637px) 100vw, 637px\" \/><\/a><p id=\"caption-attachment-486\" class=\"wp-caption-text\"><span style=\"color: rgb(0, 0, 0);\">Grace auf ihrem Campus der Kigali Independent University ULK &#8211; Studium BW<\/span><\/p><\/div>\n<p>&nbsp;<\/p>\n<div id=\"attachment_1074\" style=\"width: 643px\" class=\"wp-caption aligncenter\"><a href=\"http:\/\/godcares.de\/wp-content\/uploads\/2018\/11\/Auf-dem-Weg-zu-den-Kindern.jpg\"><img loading=\"lazy\" decoding=\"async\" aria-describedby=\"caption-attachment-1074\" width=\"633\" height=\"473\" class=\" wp-image-1074\" alt=\"\" src=\"http:\/\/godcares.de\/wp-content\/uploads\/2018\/11\/Auf-dem-Weg-zu-den-Kindern.jpg\" srcset=\"https:\/\/godcares.de\/wp-content\/uploads\/2018\/11\/Auf-dem-Weg-zu-den-Kindern.jpg 1234w, https:\/\/godcares.de\/wp-content\/uploads\/2018\/11\/Auf-dem-Weg-zu-den-Kindern-300x224.jpg 300w, https:\/\/godcares.de\/wp-content\/uploads\/2018\/11\/Auf-dem-Weg-zu-den-Kindern-768x574.jpg 768w, https:\/\/godcares.de\/wp-content\/uploads\/2018\/11\/Auf-dem-Weg-zu-den-Kindern-1024x765.jpg 1024w, https:\/\/godcares.de\/wp-content\/uploads\/2018\/11\/Auf-dem-Weg-zu-den-Kindern-830x620.jpg 830w, https:\/\/godcares.de\/wp-content\/uploads\/2018\/11\/Auf-dem-Weg-zu-den-Kindern-230x172.jpg 230w, https:\/\/godcares.de\/wp-content\/uploads\/2018\/11\/Auf-dem-Weg-zu-den-Kindern-350x262.jpg 350w, https:\/\/godcares.de\/wp-content\/uploads\/2018\/11\/Auf-dem-Weg-zu-den-Kindern-480x359.jpg 480w\" sizes=\"auto, (max-width: 633px) 100vw, 633px\" \/><\/a><p id=\"caption-attachment-1074\" class=\"wp-caption-text\">Auf dem Weg zu den Kindern<\/p><\/div>\n<p>&nbsp;<\/p>\n<div id=\"attachment_1075\" style=\"width: 647px\" class=\"wp-caption aligncenter\"><a href=\"http:\/\/godcares.de\/wp-content\/uploads\/2018\/11\/Gemeinsames-Spielen-im-Hof.jpg\"><img loading=\"lazy\" decoding=\"async\" aria-describedby=\"caption-attachment-1075\" width=\"637\" height=\"476\" class=\" wp-image-1075\" alt=\"\" src=\"http:\/\/godcares.de\/wp-content\/uploads\/2018\/11\/Gemeinsames-Spielen-im-Hof.jpg\" srcset=\"https:\/\/godcares.de\/wp-content\/uploads\/2018\/11\/Gemeinsames-Spielen-im-Hof.jpg 1235w, https:\/\/godcares.de\/wp-content\/uploads\/2018\/11\/Gemeinsames-Spielen-im-Hof-300x224.jpg 300w, https:\/\/godcares.de\/wp-content\/uploads\/2018\/11\/Gemeinsames-Spielen-im-Hof-768x574.jpg 768w, https:\/\/godcares.de\/wp-content\/uploads\/2018\/11\/Gemeinsames-Spielen-im-Hof-1024x765.jpg 1024w, https:\/\/godcares.de\/wp-content\/uploads\/2018\/11\/Gemeinsames-Spielen-im-Hof-830x620.jpg 830w, https:\/\/godcares.de\/wp-content\/uploads\/2018\/11\/Gemeinsames-Spielen-im-Hof-230x172.jpg 230w, https:\/\/godcares.de\/wp-content\/uploads\/2018\/11\/Gemeinsames-Spielen-im-Hof-350x262.jpg 350w, https:\/\/godcares.de\/wp-content\/uploads\/2018\/11\/Gemeinsames-Spielen-im-Hof-480x359.jpg 480w\" sizes=\"auto, (max-width: 637px) 100vw, 637px\" \/><\/a><p id=\"caption-attachment-1075\" class=\"wp-caption-text\">Gemeinsames Spielen im Hof<\/p><\/div>\n<p>&nbsp;<\/p>\n<div id=\"attachment_1078\" style=\"width: 650px\" class=\"wp-caption aligncenter\"><a href=\"http:\/\/godcares.de\/wp-content\/uploads\/2018\/11\/Zu-Besuch-in-Ruzisi.jpg\"><img loading=\"lazy\" decoding=\"async\" aria-describedby=\"caption-attachment-1078\" width=\"640\" height=\"360\" class=\" wp-image-1078\" alt=\"\" src=\"http:\/\/godcares.de\/wp-content\/uploads\/2018\/11\/Zu-Besuch-in-Ruzisi.jpg\" srcset=\"https:\/\/godcares.de\/wp-content\/uploads\/2018\/11\/Zu-Besuch-in-Ruzisi.jpg 1647w, https:\/\/godcares.de\/wp-content\/uploads\/2018\/11\/Zu-Besuch-in-Ruzisi-300x168.jpg 300w, https:\/\/godcares.de\/wp-content\/uploads\/2018\/11\/Zu-Besuch-in-Ruzisi-768x431.jpg 768w, https:\/\/godcares.de\/wp-content\/uploads\/2018\/11\/Zu-Besuch-in-Ruzisi-1024x575.jpg 1024w, https:\/\/godcares.de\/wp-content\/uploads\/2018\/11\/Zu-Besuch-in-Ruzisi-830x466.jpg 830w, https:\/\/godcares.de\/wp-content\/uploads\/2018\/11\/Zu-Besuch-in-Ruzisi-230x129.jpg 230w, https:\/\/godcares.de\/wp-content\/uploads\/2018\/11\/Zu-Besuch-in-Ruzisi-350x197.jpg 350w, https:\/\/godcares.de\/wp-content\/uploads\/2018\/11\/Zu-Besuch-in-Ruzisi-480x270.jpg 480w\" sizes=\"auto, (max-width: 640px) 100vw, 640px\" \/><\/a><p id=\"caption-attachment-1078\" class=\"wp-caption-text\">Wir sind zu Besuch bei unseren Kindern in Ruzisi<\/p><\/div>\n","protected":false},"excerpt":{"rendered":"<p>Patrick Habinshuti ist als Waisenkind aufgewachsen. Damals dachte er: wenn ich gro\u00df bin, sorge ich f\u00fcr Kinder, wie ich eines&hellip;<\/p>\n","protected":false},"author":1,"featured_media":0,"parent":0,"menu_order":0,"comment_status":"closed","ping_status":"closed","template":"","meta":{"ngg_post_thumbnail":0,"footnotes":""},"class_list":["post-485","page","type-page","status-publish","hentry"],"_links":{"self":[{"href":"https:\/\/godcares.de\/index.php\/wp-json\/wp\/v2\/pages\/485","targetHints":{"allow":["GET"]}}],"collection":[{"href":"https:\/\/godcares.de\/index.php\/wp-json\/wp\/v2\/pages"}],"about":[{"href":"https:\/\/godcares.de\/index.php\/wp-json\/wp\/v2\/types\/page"}],"author":[{"embeddable":true,"href":"https:\/\/godcares.de\/index.php\/wp-json\/wp\/v2\/users\/1"}],"replies":[{"embeddable":true,"href":"https:\/\/godcares.de\/index.php\/wp-json\/wp\/v2\/comments?post=485"}],"version-history":[{"count":0,"href":"https:\/\/godcares.de\/index.php\/wp-json\/wp\/v2\/pages\/485\/revisions"}],"wp:attachment":[{"href":"https:\/\/godcares.de\/index.php\/wp-json\/wp\/v2\/media?parent=485"}],"curies":[{"name":"wp","href":"https:\/\/api.w.org\/{rel}","templated":true}]}}