{"id":459,"date":"2016-12-05T18:01:33","date_gmt":"2016-12-05T18:01:33","guid":{"rendered":"http:\/\/godcares.de\/?page_id=459"},"modified":"2020-02-08T11:06:14","modified_gmt":"2020-02-08T11:06:14","slug":"medizinische-hilfe","status":"publish","type":"page","link":"https:\/\/godcares.de\/index.php\/medizinische-hilfe\/","title":{"rendered":"Medizinische Hilfe in"},"content":{"rendered":"<p>Die medizinische Versorgung und damit auch der Zugang zu Medikamenten ist vor allem in den Ostprovinzen der DR Kongo nur rudiment\u00e4r vorhanden. In der Provinz&nbsp;S\u00fcd Kivu kooperieren wir seit dem Jahr 2009 mit dem Arzt Freddy Zihindula und dessen Organisation \u201eChristian Action for Family Health\u201c, &nbsp;um vor allem die medizinisch-gesundheitliche Not der Menschen in den l\u00e4ndlichen Regionen zu lindern.<\/p>\n<p>Dazu reist das Team vom Standort Bukavu aus regelm\u00e4\u00dfig in verschiedene D\u00f6rfer und f\u00fchrt grundlegende medizinische Hilfe durch. Die Bandbreite der Hilfe reicht von Hygieneschulungen, Operationen und Impfungen \u00fcber die Vergabe von notwendigen Medikamenten bis hin zur Beratung von Schwangeren und Geburtshilfe.<\/p>\n<div id=\"attachment_1268\" style=\"width: 501px\" class=\"wp-caption aligncenter\"><a href=\"http:\/\/godcares.de\/wp-content\/uploads\/2020\/02\/IMG_20190712_163530-scaled.jpg\"><img loading=\"lazy\" decoding=\"async\" aria-describedby=\"caption-attachment-1268\" width=\"491\" height=\"368\" class=\" wp-image-1268\" alt=\"\" src=\"http:\/\/godcares.de\/wp-content\/uploads\/2020\/02\/IMG_20190712_163530-1024x768.jpg\" srcset=\"https:\/\/godcares.de\/wp-content\/uploads\/2020\/02\/IMG_20190712_163530-1024x768.jpg 1024w, https:\/\/godcares.de\/wp-content\/uploads\/2020\/02\/IMG_20190712_163530-300x225.jpg 300w, https:\/\/godcares.de\/wp-content\/uploads\/2020\/02\/IMG_20190712_163530-768x576.jpg 768w, https:\/\/godcares.de\/wp-content\/uploads\/2020\/02\/IMG_20190712_163530-1536x1152.jpg 1536w, https:\/\/godcares.de\/wp-content\/uploads\/2020\/02\/IMG_20190712_163530-2048x1536.jpg 2048w, https:\/\/godcares.de\/wp-content\/uploads\/2020\/02\/IMG_20190712_163530-830x623.jpg 830w, https:\/\/godcares.de\/wp-content\/uploads\/2020\/02\/IMG_20190712_163530-230x173.jpg 230w, https:\/\/godcares.de\/wp-content\/uploads\/2020\/02\/IMG_20190712_163530-350x263.jpg 350w, https:\/\/godcares.de\/wp-content\/uploads\/2020\/02\/IMG_20190712_163530-480x360.jpg 480w\" sizes=\"auto, (max-width: 491px) 100vw, 491px\" \/><\/a><p id=\"caption-attachment-1268\" class=\"wp-caption-text\">Klinik Mushekere in Bukavu &#8211; Dr. Freddy Zihindula (re.) mit Kollegen<\/p><\/div>\n<p>Ein weiterer Schwerpunkt sind die Schulungen f\u00fcr lokale Leiter und Lehrer zum Themenbereich Hygiene und Infektionsvermeidung.<\/p>\n<div id=\"attachment_1005\" style=\"width: 482px\" class=\"wp-caption aligncenter\"><a href=\"http:\/\/godcares.de\/wp-content\/uploads\/2018\/08\/Training-von-Lehrern-in-Mosho-e1533572953894.jpg\" target=\"_blank\" rel=\"noopener noreferrer\"><img loading=\"lazy\" decoding=\"async\" aria-describedby=\"caption-attachment-1005\" width=\"472\" height=\"354\" class=\"wp-image-1005\" alt=\"\" src=\"http:\/\/godcares.de\/wp-content\/uploads\/2018\/08\/Training-von-Lehrern-in-Mosho-1024x768.jpg\"><\/a><p id=\"caption-attachment-1005\" class=\"wp-caption-text\">Training von Lehrern in Mosho<\/p><\/div>\n<div id=\"attachment_1006\" style=\"width: 480px\" class=\"wp-caption aligncenter\"><a href=\"http:\/\/godcares.de\/wp-content\/uploads\/2018\/08\/Training-von-lokalen-Leitern-in-Mosho-e1533572974803.jpg\" target=\"_blank\" rel=\"noopener noreferrer\"><img loading=\"lazy\" decoding=\"async\" aria-describedby=\"caption-attachment-1006\" width=\"470\" height=\"352\" class=\"wp-image-1006\" alt=\"\" src=\"http:\/\/godcares.de\/wp-content\/uploads\/2018\/08\/Training-von-lokalen-Leitern-in-Mosho-1024x768.jpg\"><\/a><p id=\"caption-attachment-1006\" class=\"wp-caption-text\">Training von lokalen Leitern in Mosho<\/p><\/div>\n<p><span style=\"display: inline !important; float: none; background-color: #ffffff; color: #767676; cursor: text; font-family: 'Raleway',sans-serif; font-size: 16px; font-style: normal; font-variant: normal; font-weight: 400; letter-spacing: normal; orphans: 2; text-align: left; text-decoration: none; text-indent: 0px; text-transform: none; -webkit-text-stroke-width: 0px; white-space: normal; word-spacing: 0px;\">In der Provinz Nord Kivu unterst\u00fctzen wir in Kamango das lokale Krankenhaus mit dringend ben\u00f6tigten Medikamenten. Zus\u00e4tzlich werden immer wieder grundlegende Dinge wie Bettlaken, Bettbez\u00fcge und Arbeitskittel ben\u00f6tigt, die wir zur Verf\u00fcgung stellen.<\/span><\/p>\n<div id=\"attachment_1001\" style=\"width: 480px\" class=\"wp-caption aligncenter\"><a href=\"http:\/\/godcares.de\/wp-content\/uploads\/2018\/08\/Das-Krankenhaus-in-Kamango-wird-wei\u00df-e1533572833365.jpg\" target=\"_blank\" rel=\"noopener noreferrer\"><img loading=\"lazy\" decoding=\"async\" aria-describedby=\"caption-attachment-1001\" width=\"470\" height=\"353\" class=\"wp-image-1001\" alt=\"\" src=\"http:\/\/godcares.de\/wp-content\/uploads\/2018\/08\/Das-Krankenhaus-in-Kamango-wird-wei\u00df-1024x768.jpg\"><\/a><p id=\"caption-attachment-1001\" class=\"wp-caption-text\">Das Krankenhaus in Kamango wird wei\u00df<\/p><\/div>\n<div id=\"attachment_1003\" style=\"width: 480px\" class=\"wp-caption aligncenter\"><a href=\"http:\/\/godcares.de\/wp-content\/uploads\/2018\/08\/Neue-Arbeitskittel-f\u00fcr-\u00c4rzte-und-Pfleger-e1533572901579.jpg\" target=\"_blank\" rel=\"noopener noreferrer\"><img loading=\"lazy\" decoding=\"async\" aria-describedby=\"caption-attachment-1003\" width=\"470\" height=\"353\" class=\"wp-image-1003\" alt=\"\" src=\"http:\/\/godcares.de\/wp-content\/uploads\/2018\/08\/Neue-Arbeitskittel-f\u00fcr-\u00c4rzte-und-Pfleger-1024x768.jpg\"><\/a><p id=\"caption-attachment-1003\" class=\"wp-caption-text\">Neue Arbeitskittel f\u00fcr \u00c4rzte<\/p><\/div>\n<div id=\"attachment_1004\" style=\"width: 480px\" class=\"wp-caption aligncenter\"><a href=\"http:\/\/godcares.de\/wp-content\/uploads\/2018\/08\/Neue-Bettlaken-e1533572931652.jpg\" target=\"_blank\" rel=\"noopener noreferrer\"><img loading=\"lazy\" decoding=\"async\" aria-describedby=\"caption-attachment-1004\" width=\"470\" height=\"353\" class=\"wp-image-1004\" alt=\"\" src=\"http:\/\/godcares.de\/wp-content\/uploads\/2018\/08\/Neue-Bettlaken-1024x768.jpg\"><\/a><p id=\"caption-attachment-1004\" class=\"wp-caption-text\">Neue Bettlaken<\/p><\/div>\n<p>&nbsp;<\/p>\n<p>&nbsp;<\/p>\n<p>&nbsp;<\/p>\n<p>&nbsp;<\/p>\n","protected":false},"excerpt":{"rendered":"<p>Die medizinische Versorgung und damit auch der Zugang zu Medikamenten ist vor allem in den Ostprovinzen der DR Kongo nur&hellip;<\/p>\n","protected":false},"author":1,"featured_media":0,"parent":0,"menu_order":0,"comment_status":"closed","ping_status":"closed","template":"","meta":{"ngg_post_thumbnail":0,"footnotes":""},"class_list":["post-459","page","type-page","status-publish","hentry"],"_links":{"self":[{"href":"https:\/\/godcares.de\/index.php\/wp-json\/wp\/v2\/pages\/459","targetHints":{"allow":["GET"]}}],"collection":[{"href":"https:\/\/godcares.de\/index.php\/wp-json\/wp\/v2\/pages"}],"about":[{"href":"https:\/\/godcares.de\/index.php\/wp-json\/wp\/v2\/types\/page"}],"author":[{"embeddable":true,"href":"https:\/\/godcares.de\/index.php\/wp-json\/wp\/v2\/users\/1"}],"replies":[{"embeddable":true,"href":"https:\/\/godcares.de\/index.php\/wp-json\/wp\/v2\/comments?post=459"}],"version-history":[{"count":0,"href":"https:\/\/godcares.de\/index.php\/wp-json\/wp\/v2\/pages\/459\/revisions"}],"wp:attachment":[{"href":"https:\/\/godcares.de\/index.php\/wp-json\/wp\/v2\/media?parent=459"}],"curies":[{"name":"wp","href":"https:\/\/api.w.org\/{rel}","templated":true}]}}