{"id":304,"date":"2014-11-02T18:26:59","date_gmt":"2014-11-02T18:26:59","guid":{"rendered":"http:\/\/godcares.vereins-hosting.de\/?page_id=304"},"modified":"2019-01-12T14:10:17","modified_gmt":"2019-01-12T14:10:17","slug":"frauenprojekt-in-goma","status":"publish","type":"page","link":"https:\/\/godcares.de\/index.php\/frauenprojekt-in-goma\/","title":{"rendered":"Frauenprojekt in Goma"},"content":{"rendered":"<p style=\"text-align: left;\"><strong>Dienst an und f\u00fcr&nbsp;Opfer sexueller Gewalt&nbsp;&nbsp;&nbsp;&nbsp;&nbsp;&nbsp;&nbsp;&nbsp;&nbsp;&nbsp;&nbsp;&nbsp;&nbsp;&nbsp;&nbsp;&nbsp;&nbsp;&nbsp;&nbsp;&nbsp;&nbsp;&nbsp;&nbsp;&nbsp;&nbsp;&nbsp;&nbsp;&nbsp;&nbsp;&nbsp;&nbsp;&nbsp;&nbsp;<\/strong><\/p>\n<p>Die Situation der Frauen in den Kriegsgebieten des Kongo ist ersch\u00fctternd. Sie sind der hemmungslosen Gewalt diverser Milizen und sogar der kongolesischen Armee ausgeliefert. Aufgrund ihrer Erlebnisse sind diese Frauen tief traumatisiert und haben oftmals keine Lebensperspektive mehr.<\/p>\n<p>Viele von ihnen sind Opfer schrecklicher Gr\u00e4ueltaten geworden&nbsp;und auf medizinische Hilfe angewiesen. Um diese zu erhalten, m\u00fcssen sie es irgendwie schaffen, aus den l\u00e4ndlichen Gebieten eine gr\u00f6\u00dfere Stadt wie Goma zu erreichen. Dort nehmen sich&nbsp;Krankenh\u00e4user&nbsp;der Frauen an, auch wenn diese in der Regel nicht in der Lage sind, die entstehenden Kosten zu begleichen. Erschwerend kommt f\u00fcr die Frauen dazu, dass sie oftmals nicht in ihre Familien zur\u00fcckkehren k\u00f6nnen, da sie von ihrem (Ehe)mann ausgesto\u00dfen werden.<\/p>\n<p>Weil die Frauen nach ihrer Entlassung aus dem Krankenhaus in der Regel kein Einkommen haben, haben wir in Kooperation mit einer christlichen Gemeinde in Goma ein Mikrofinanzprojekt mit&nbsp;44 betroffenen Frauen&nbsp;durchgef\u00fchrt.&nbsp;Dadurch wurden sie in die Lage versetzt f\u00fcr ihren Unterhalt zu sorgen und somit \u00fcberleben zu k\u00f6nnen.<\/p>\n<p>Um den vielf\u00e4ltigen Folgen der Gr\u00e4ueltaten zu begegnen, haben die Frauen ein Trauma-Heilungsseminar durchlaufen und profitieren von einem Gesundheits- und Sozialfonds. Durch diese Fonds k\u00f6nnen sowohl medizinische Behandlungen als auch Hilfe bei sozialen H\u00e4rtef\u00e4llen finanziert werden.<\/p>\n<p>Francine Mulimbinge leitet als Vorsitzende des Frauenkomitees der Gemeinde gemeinsam mit vielen Helferinnen das Projekt vor Ort.<\/p>\n<p>&nbsp;<\/p>\n<div id=\"attachment_696\" style=\"width: 728px\" class=\"wp-caption alignleft\"><a href=\"http:\/\/godcares.de\/wp-content\/uploads\/2014\/11\/image001.jpg\" target=\"_blank\" rel=\"noopener\"><img loading=\"lazy\" decoding=\"async\" aria-describedby=\"caption-attachment-696\" class=\"wp-image-696\" src=\"http:\/\/godcares.de\/wp-content\/uploads\/2014\/11\/image001-1024x678.jpg\" alt=\"\" width=\"718\" height=\"475\" srcset=\"https:\/\/godcares.de\/wp-content\/uploads\/2014\/11\/image001-1024x678.jpg 1024w, https:\/\/godcares.de\/wp-content\/uploads\/2014\/11\/image001-300x199.jpg 300w, https:\/\/godcares.de\/wp-content\/uploads\/2014\/11\/image001-768x508.jpg 768w, https:\/\/godcares.de\/wp-content\/uploads\/2014\/11\/image001-600x397.jpg 600w, https:\/\/godcares.de\/wp-content\/uploads\/2014\/11\/image001-830x549.jpg 830w, https:\/\/godcares.de\/wp-content\/uploads\/2014\/11\/image001-230x152.jpg 230w, https:\/\/godcares.de\/wp-content\/uploads\/2014\/11\/image001-350x232.jpg 350w, https:\/\/godcares.de\/wp-content\/uploads\/2014\/11\/image001-480x318.jpg 480w\" sizes=\"auto, (max-width: 718px) 100vw, 718px\" \/><\/a><p id=\"caption-attachment-696\" class=\"wp-caption-text\">Seminar zur Traumabew\u00e4ltigung<\/p><\/div>\n<p>&nbsp;<\/p>\n<div id=\"attachment_697\" style=\"width: 726px\" class=\"wp-caption alignleft\"><a href=\"http:\/\/godcares.de\/wp-content\/uploads\/2014\/11\/image003.jpg\" target=\"_blank\" rel=\"noopener\"><img loading=\"lazy\" decoding=\"async\" aria-describedby=\"caption-attachment-697\" class=\"wp-image-697 \" src=\"http:\/\/godcares.de\/wp-content\/uploads\/2014\/11\/image003-1024x768.jpg\" width=\"716\" height=\"537\"><\/a><p id=\"caption-attachment-697\" class=\"wp-caption-text\">Gruppenbild der Frauenkooperative in Goma (DR Kongo)<\/p><\/div>\n<p>&nbsp;<\/p>\n<div id=\"attachment_339\" style=\"width: 305px\" class=\"wp-caption alignleft\"><a href=\"http:\/\/godcares.de\/wp-content\/uploads\/2014\/11\/schild-krankenhaus-goma.png\" target=\"_blank\" rel=\"noopener\"><img loading=\"lazy\" decoding=\"async\" aria-describedby=\"caption-attachment-339\" class=\"wp-image-339\" src=\"http:\/\/godcares.de\/wp-content\/uploads\/2014\/11\/schild-krankenhaus-goma.png\" alt=\"Schild Krankenhaus Goma\" width=\"295\" height=\"218\" srcset=\"https:\/\/godcares.de\/wp-content\/uploads\/2014\/11\/schild-krankenhaus-goma.png 685w, https:\/\/godcares.de\/wp-content\/uploads\/2014\/11\/schild-krankenhaus-goma-300x222.png 300w, https:\/\/godcares.de\/wp-content\/uploads\/2014\/11\/schild-krankenhaus-goma-600x444.png 600w\" sizes=\"auto, (max-width: 295px) 100vw, 295px\" \/><\/a><p id=\"caption-attachment-339\" class=\"wp-caption-text\">Besuch der Kyeshero Klinik, Goma<\/p><\/div>\n<p>&nbsp;<\/p>\n<div id=\"attachment_695\" style=\"width: 716px\" class=\"wp-caption alignleft\"><a href=\"http:\/\/godcares.de\/wp-content\/uploads\/2014\/11\/image005.jpg\" target=\"_blank\" rel=\"noopener\"><img loading=\"lazy\" decoding=\"async\" aria-describedby=\"caption-attachment-695\" class=\"wp-image-695\" src=\"http:\/\/godcares.de\/wp-content\/uploads\/2014\/11\/image005-1024x768.jpg\" alt=\"\" width=\"706\" height=\"530\" srcset=\"https:\/\/godcares.de\/wp-content\/uploads\/2014\/11\/image005-1024x768.jpg 1024w, https:\/\/godcares.de\/wp-content\/uploads\/2014\/11\/image005-300x225.jpg 300w, https:\/\/godcares.de\/wp-content\/uploads\/2014\/11\/image005-768x576.jpg 768w, https:\/\/godcares.de\/wp-content\/uploads\/2014\/11\/image005-600x450.jpg 600w, https:\/\/godcares.de\/wp-content\/uploads\/2014\/11\/image005-830x623.jpg 830w, https:\/\/godcares.de\/wp-content\/uploads\/2014\/11\/image005-230x173.jpg 230w, https:\/\/godcares.de\/wp-content\/uploads\/2014\/11\/image005-350x263.jpg 350w, https:\/\/godcares.de\/wp-content\/uploads\/2014\/11\/image005-480x360.jpg 480w\" sizes=\"auto, (max-width: 706px) 100vw, 706px\" \/><\/a><p id=\"caption-attachment-695\" class=\"wp-caption-text\">Besuch im Krankenhaus<\/p><\/div>\n<p>&nbsp;<\/p>\n<div id=\"attachment_338\" style=\"width: 727px\" class=\"wp-caption alignleft\"><a href=\"http:\/\/godcares.de\/wp-content\/uploads\/2014\/11\/krankenhauspersonal-gc.png\" target=\"_blank\" rel=\"noopener\"><img loading=\"lazy\" decoding=\"async\" aria-describedby=\"caption-attachment-338\" class=\"wp-image-338\" src=\"http:\/\/godcares.de\/wp-content\/uploads\/2014\/11\/krankenhauspersonal-gc.png\" alt=\"Krankenhauspersonal GC\" width=\"717\" height=\"396\" srcset=\"https:\/\/godcares.de\/wp-content\/uploads\/2014\/11\/krankenhauspersonal-gc.png 696w, https:\/\/godcares.de\/wp-content\/uploads\/2014\/11\/krankenhauspersonal-gc-300x166.png 300w, https:\/\/godcares.de\/wp-content\/uploads\/2014\/11\/krankenhauspersonal-gc-600x331.png 600w\" sizes=\"auto, (max-width: 717px) 100vw, 717px\" \/><\/a><p id=\"caption-attachment-338\" class=\"wp-caption-text\">Rundgang mit dem Krankenhauspersonal<\/p><\/div>\n<p><a href=\"http:\/\/godcares.de\/wp-content\/uploads\/2014\/11\/krankenhauspersonal-gc.png\" target=\"_blank\" rel=\"noopener\">&nbsp;<\/a><\/p>\n<div class=\"wp-caption-dd\">&nbsp;<\/div>\n<p>&nbsp;<\/p>\n<p>&nbsp;<\/p>\n<div id=\"attachment_337\" style=\"width: 725px\" class=\"wp-caption alignleft\"><img loading=\"lazy\" decoding=\"async\" aria-describedby=\"caption-attachment-337\" class=\"wp-image-337 \" src=\"http:\/\/godcares.de\/wp-content\/uploads\/2014\/11\/krankenhaus-goma.png\" alt=\"Krankenhaus Goma\" width=\"715\" height=\"433\" srcset=\"https:\/\/godcares.de\/wp-content\/uploads\/2014\/11\/krankenhaus-goma.png 706w, https:\/\/godcares.de\/wp-content\/uploads\/2014\/11\/krankenhaus-goma-300x182.png 300w, https:\/\/godcares.de\/wp-content\/uploads\/2014\/11\/krankenhaus-goma-600x364.png 600w\" sizes=\"auto, (max-width: 715px) 100vw, 715px\" \/><p id=\"caption-attachment-337\" class=\"wp-caption-text\">Opfer sexueller Gewalt im Kyeshero Krankenhaus,&nbsp;Goma<\/p><\/div>\n<p>&nbsp;<\/p>\n<p>&nbsp;<\/p>\n\n\n<div class=\"wp-block-image\"><figure class=\"aligncenter is-resized\"><img loading=\"lazy\" decoding=\"async\" src=\"http:\/\/godcares.de\/wp-content\/uploads\/2019\/01\/Francine-teilt-Essen-aus-768x1024.jpg\" alt=\"\" class=\"wp-image-1127\" width=\"576\" height=\"768\" srcset=\"https:\/\/godcares.de\/wp-content\/uploads\/2019\/01\/Francine-teilt-Essen-aus-768x1024.jpg 768w, https:\/\/godcares.de\/wp-content\/uploads\/2019\/01\/Francine-teilt-Essen-aus-225x300.jpg 225w, https:\/\/godcares.de\/wp-content\/uploads\/2019\/01\/Francine-teilt-Essen-aus-830x1107.jpg 830w, https:\/\/godcares.de\/wp-content\/uploads\/2019\/01\/Francine-teilt-Essen-aus-230x307.jpg 230w, https:\/\/godcares.de\/wp-content\/uploads\/2019\/01\/Francine-teilt-Essen-aus-350x467.jpg 350w, https:\/\/godcares.de\/wp-content\/uploads\/2019\/01\/Francine-teilt-Essen-aus-480x640.jpg 480w\" sizes=\"auto, (max-width: 576px) 100vw, 576px\" \/><figcaption>Francine teilt Essen aus<\/figcaption><\/figure><\/div>\n\n\n\n<div class=\"wp-block-image\"><figure class=\"aligncenter is-resized\"><img loading=\"lazy\" decoding=\"async\" src=\"http:\/\/godcares.de\/wp-content\/uploads\/2019\/01\/Trauma-Seminar-1024x768.jpg\" alt=\"\" class=\"wp-image-1128\" width=\"768\" height=\"576\" srcset=\"https:\/\/godcares.de\/wp-content\/uploads\/2019\/01\/Trauma-Seminar-1024x768.jpg 1024w, https:\/\/godcares.de\/wp-content\/uploads\/2019\/01\/Trauma-Seminar-300x225.jpg 300w, https:\/\/godcares.de\/wp-content\/uploads\/2019\/01\/Trauma-Seminar-768x576.jpg 768w, https:\/\/godcares.de\/wp-content\/uploads\/2019\/01\/Trauma-Seminar-830x623.jpg 830w, https:\/\/godcares.de\/wp-content\/uploads\/2019\/01\/Trauma-Seminar-230x173.jpg 230w, https:\/\/godcares.de\/wp-content\/uploads\/2019\/01\/Trauma-Seminar-350x263.jpg 350w, https:\/\/godcares.de\/wp-content\/uploads\/2019\/01\/Trauma-Seminar-480x360.jpg 480w\" sizes=\"auto, (max-width: 768px) 100vw, 768px\" \/><figcaption>Trauma-Seminar<\/figcaption><\/figure><\/div>\n\n\n\n<div class=\"wp-block-image\"><figure class=\"aligncenter is-resized\"><img loading=\"lazy\" decoding=\"async\" src=\"http:\/\/godcares.de\/wp-content\/uploads\/2019\/01\/Trauma-Workshop-1-1024x768.jpg\" alt=\"\" class=\"wp-image-1135\" width=\"768\" height=\"576\" srcset=\"https:\/\/godcares.de\/wp-content\/uploads\/2019\/01\/Trauma-Workshop-1-1024x768.jpg 1024w, https:\/\/godcares.de\/wp-content\/uploads\/2019\/01\/Trauma-Workshop-1-300x225.jpg 300w, https:\/\/godcares.de\/wp-content\/uploads\/2019\/01\/Trauma-Workshop-1-768x576.jpg 768w, https:\/\/godcares.de\/wp-content\/uploads\/2019\/01\/Trauma-Workshop-1-830x623.jpg 830w, https:\/\/godcares.de\/wp-content\/uploads\/2019\/01\/Trauma-Workshop-1-230x173.jpg 230w, https:\/\/godcares.de\/wp-content\/uploads\/2019\/01\/Trauma-Workshop-1-350x263.jpg 350w, https:\/\/godcares.de\/wp-content\/uploads\/2019\/01\/Trauma-Workshop-1-480x360.jpg 480w\" sizes=\"auto, (max-width: 768px) 100vw, 768px\" \/><figcaption>Trauma Workshop<\/figcaption><\/figure><\/div>\n","protected":false},"excerpt":{"rendered":"<p>Dienst an und f\u00fcr&nbsp;Opfer sexueller Gewalt&nbsp;&nbsp;&nbsp;&nbsp;&nbsp;&nbsp;&nbsp;&nbsp;&nbsp;&nbsp;&nbsp;&nbsp;&nbsp;&nbsp;&nbsp;&nbsp;&nbsp;&nbsp;&nbsp;&nbsp;&nbsp;&nbsp;&nbsp;&nbsp;&nbsp;&nbsp;&nbsp;&nbsp;&nbsp;&nbsp;&nbsp;&nbsp;&nbsp; Die Situation der Frauen in den Kriegsgebieten des Kongo ist ersch\u00fctternd. Sie sind der&hellip;<\/p>\n","protected":false},"author":1,"featured_media":0,"parent":0,"menu_order":0,"comment_status":"closed","ping_status":"closed","template":"","meta":{"ngg_post_thumbnail":0,"footnotes":""},"class_list":["post-304","page","type-page","status-publish","hentry"],"_links":{"self":[{"href":"https:\/\/godcares.de\/index.php\/wp-json\/wp\/v2\/pages\/304","targetHints":{"allow":["GET"]}}],"collection":[{"href":"https:\/\/godcares.de\/index.php\/wp-json\/wp\/v2\/pages"}],"about":[{"href":"https:\/\/godcares.de\/index.php\/wp-json\/wp\/v2\/types\/page"}],"author":[{"embeddable":true,"href":"https:\/\/godcares.de\/index.php\/wp-json\/wp\/v2\/users\/1"}],"replies":[{"embeddable":true,"href":"https:\/\/godcares.de\/index.php\/wp-json\/wp\/v2\/comments?post=304"}],"version-history":[{"count":0,"href":"https:\/\/godcares.de\/index.php\/wp-json\/wp\/v2\/pages\/304\/revisions"}],"wp:attachment":[{"href":"https:\/\/godcares.de\/index.php\/wp-json\/wp\/v2\/media?parent=304"}],"curies":[{"name":"wp","href":"https:\/\/api.w.org\/{rel}","templated":true}]}}