{"id":16,"date":"2012-05-18T09:57:04","date_gmt":"2012-05-18T09:57:04","guid":{"rendered":"http:\/\/godcares.vereins-hosting.de\/?page_id=16"},"modified":"2024-07-27T10:39:41","modified_gmt":"2024-07-27T10:39:41","slug":"impressum","status":"publish","type":"page","link":"https:\/\/godcares.de\/index.php\/impressum\/","title":{"rendered":"Impressum"},"content":{"rendered":"<h5><span style=\"color: #000000;\">Angaben gem\u00e4\u00df \u00a7 5 TMG<\/span>:<\/h5>\n<p><span style=\"color: #000000;\">God Cares e.V.<\/span><\/p>\n<p><span style=\"color: #000000;\">Glenn-Miller-Stra\u00dfe 9<\/span><\/p>\n<p><span style=\"color: #000000;\">36041 Fulda<\/span><\/p>\n<h5><span style=\"color: #000000;\">Vertreten durch:<\/span><\/h5>\n<p><span style=\"color: #000000;\">Dr. Norbert H\u00f6hl<\/span><\/p>\n<h5><span style=\"color: #000000;\">Kontakt:<\/span><\/h5>\n<table style=\"height: 84px;\" width=\"305\">\n<tbody>\n<tr>\n<td width=\"80\">Telefon<\/td>\n<td colspan=\"2\" width=\"160\">+49 661 9427599<\/td>\n<\/tr>\n<tr>\n<td>IBAN<\/td>\n<td colspan=\"2\">DE54530601800008010510<\/td>\n<\/tr>\n<tr>\n<td>E-Mail<\/td>\n<td colspan=\"2\"><strong><a href=\"mailto:godcares@web.de\">godcares@web.de<\/a><\/strong><\/td>\n<\/tr>\n<\/tbody>\n<\/table>\n<h5><span style=\"color: #000000;\">Registereintrag:<\/span><\/h5>\n<p><span style=\"color: #000000;\">Eintragung im Vereinsregister.<\/span><br><span style=\"color: #000000;\"> Registergericht: God Cares UR 339\/2005<\/span><br><span style=\"color: #000000;\"> Registernummer: Amtsgericht Fulda<\/span><\/p>\n<p><span style=\"color: #000000;\">Quelle: <em><a style=\"color: #000000;\" href=\"http:\/\/www.e-recht24.de\">eRecht24<\/a>, <span style=\"color: #000000;\">Rechtsanwalt f\u00fcr Internetrecht S\u00f6ren Siebert<\/span><\/em><\/span><\/p>\n<h5><span style=\"color: #000000;\">Haftungsausschluss:<\/span><\/h5>\n<p><span style=\"color: #000000;\"><strong>Haftung f\u00fcr Inhalte<\/strong><\/span><\/p>\n<p><span style=\"color: #000000;\">Die Inhalte unserer Seiten wurden mit gr\u00f6\u00dfter Sorgfalt erstellt.<\/span><br><span style=\"color: #000000;\"> F\u00fcr die Richtigkeit, Vollst\u00e4ndigkeit und Aktualit\u00e4t der Inhalte<\/span><br><span style=\"color: #000000;\"> k\u00f6nnen wir jedoch keine Gew\u00e4hr \u00fcbernehmen. Als Diensteanbieter sind wir gem\u00e4\u00df \u00a7 7 Abs.1 TMG f\u00fcr<\/span><br><span style=\"color: #000000;\"> eigene Inhalte auf diesen Seiten nach den allgemeinen Gesetzen verantwortlich.<\/span><br><span style=\"color: #000000;\"> Nach \u00a7\u00a7 8 bis 10 TMG sind wir als Diensteanbieter jedoch nicht<\/span><br><span style=\"color: #000000;\"> verpflichtet, \u00fcbermittelte oder gespeicherte fremde Informationen zu<\/span><br><span style=\"color: #000000;\"> \u00fcberwachen oder nach Umst\u00e4nden zu forschen, die auf eine rechtswidrige<\/span><br><span style=\"color: #000000;\"> T\u00e4tigkeit hinweisen. Verpflichtungen zur Entfernung oder Sperrung der<\/span><br><span style=\"color: #000000;\"> Nutzung von Informationen nach den allgemeinen Gesetzen bleiben hiervon<\/span><br><span style=\"color: #000000;\"> unber\u00fchrt. Eine diesbez\u00fcgliche Haftung ist jedoch erst ab dem<\/span><br><span style=\"color: #000000;\"> Zeitpunkt der Kenntnis einer konkreten Rechtsverletzung m\u00f6glich. Bei<\/span><br><span style=\"color: #000000;\"> Bekanntwerden von entsprechenden Rechtsverletzungen werden wir diese Inhalte<\/span><br><span style=\"color: #000000;\"> umgehend entfernen.<\/span><\/p>\n<p><span style=\"color: #000000;\"><strong>Haftung f\u00fcr Links<\/strong><\/span><\/p>\n<p><span style=\"color: #000000;\">Unser Angebot enth\u00e4lt Links zu externen Webseiten Dritter, auf deren<\/span><br><span style=\"color: #000000;\"> Inhalte wir keinen Einfluss haben. Deshalb k\u00f6nnen wir f\u00fcr diese<\/span><br><span style=\"color: #000000;\"> fremden Inhalte auch keine Gew\u00e4hr \u00fcbernehmen. F\u00fcr die Inhalte<\/span><br><span style=\"color: #000000;\"> der verlinkten Seiten ist stets der jeweilige Anbieter oder Betreiber der<\/span><br><span style=\"color: #000000;\"> Seiten verantwortlich. Die verlinkten Seiten wurden zum Zeitpunkt der Verlinkung<\/span><br><span style=\"color: #000000;\"> auf m\u00f6gliche Rechtsverst\u00f6\u00dfe \u00fcberpr\u00fcft. Rechtswidrige<\/span><br><span style=\"color: #000000;\"> Inhalte waren zum Zeitpunkt der Verlinkung nicht erkennbar. Eine permanente<\/span><br><span style=\"color: #000000;\"> inhaltliche Kontrolle der verlinkten Seiten ist jedoch ohne konkrete Anhaltspunkte<\/span><br><span style=\"color: #000000;\"> einer Rechtsverletzung nicht zumutbar. Bei Bekanntwerden von Rechtsverletzungen<\/span><br><span style=\"color: #000000;\"> werden wir derartige Links umgehend entfernen.<\/span><\/p>\n<p><span style=\"color: #000000;\"><strong>Urheberrecht<\/strong><\/span><\/p>\n<p><span style=\"color: #000000;\">Die durch die Seitenbetreiber erstellten Inhalte und Werke auf diesen Seiten<\/span><br><span style=\"color: #000000;\"> unterliegen dem deutschen Urheberrecht. Die Vervielf\u00e4ltigung, Bearbeitung, Verbreitung und<\/span><br><span style=\"color: #000000;\"> jede Art der Verwertung au\u00dferhalb der Grenzen des Urheberrechtes bed\u00fcrfen<\/span><br><span style=\"color: #000000;\"> der schriftlichen Zustimmung des jeweiligen Autors bzw. Erstellers. Downloads<\/span><br><span style=\"color: #000000;\"> und Kopien dieser Seite sind nur f\u00fcr den privaten, nicht kommerziellen<\/span><br><span style=\"color: #000000;\"> Gebrauch gestattet. Soweit die Inhalte auf dieser Seite nicht vom Betreiber erstellt wurden,<\/span><br><span style=\"color: #000000;\"> werden die Urheberrechte Dritter beachtet. Insbesondere werden Inhalte Dritter als solche<\/span><br><span style=\"color: #000000;\"> gekennzeichnet. Sollten Sie trotzdem auf eine Urheberrechtsverletzung aufmerksam werden, bitten wir um einen entsprechenden Hinweis.<\/span><br><span style=\"color: #000000;\"> Bei Bekanntwerden von Rechtsverletzungen werden wir derartige Inhalte umgehend entfernen.<\/span><\/p>\n<p><span style=\"color: #000000;\"><strong>Datenschutz<\/strong><\/span><\/p>\n<p>siehe Datenschutzerkl\u00e4rung<\/p>\n\n\n<p><\/p>\n","protected":false},"excerpt":{"rendered":"<p>Angaben gem\u00e4\u00df \u00a7 5 TMG: God Cares e.V. Glenn-Miller-Stra\u00dfe 9 36041 Fulda Vertreten durch: Dr. Norbert H\u00f6hl Kontakt: Telefon +49&hellip;<\/p>\n","protected":false},"author":1,"featured_media":0,"parent":0,"menu_order":0,"comment_status":"closed","ping_status":"closed","template":"","meta":{"ngg_post_thumbnail":0,"footnotes":""},"class_list":["post-16","page","type-page","status-publish","hentry"],"_links":{"self":[{"href":"https:\/\/godcares.de\/index.php\/wp-json\/wp\/v2\/pages\/16","targetHints":{"allow":["GET"]}}],"collection":[{"href":"https:\/\/godcares.de\/index.php\/wp-json\/wp\/v2\/pages"}],"about":[{"href":"https:\/\/godcares.de\/index.php\/wp-json\/wp\/v2\/types\/page"}],"author":[{"embeddable":true,"href":"https:\/\/godcares.de\/index.php\/wp-json\/wp\/v2\/users\/1"}],"replies":[{"embeddable":true,"href":"https:\/\/godcares.de\/index.php\/wp-json\/wp\/v2\/comments?post=16"}],"version-history":[{"count":0,"href":"https:\/\/godcares.de\/index.php\/wp-json\/wp\/v2\/pages\/16\/revisions"}],"wp:attachment":[{"href":"https:\/\/godcares.de\/index.php\/wp-json\/wp\/v2\/media?parent=16"}],"curies":[{"name":"wp","href":"https:\/\/api.w.org\/{rel}","templated":true}]}}