{"id":1271,"date":"2020-06-11T11:54:58","date_gmt":"2020-06-11T11:54:58","guid":{"rendered":"http:\/\/godcares.de\/?page_id=1271"},"modified":"2021-12-20T17:19:45","modified_gmt":"2021-12-20T17:19:45","slug":"corona-soforthilfe-2020","status":"publish","type":"page","link":"https:\/\/godcares.de\/index.php\/corona-soforthilfe-2020\/","title":{"rendered":"Corona Soforthilfe 2020\/2021"},"content":{"rendered":"<p><strong>Nothilfe in Corona Zeiten<\/strong><\/p>\n<p>Die Corona-Krise hat den Planeten im Griff. Dies gilt sowohl f\u00fcr uns hier in Deutschland, als auch f\u00fcr die Menschen im Gebiet der Gro\u00dfen Afrikanischen Seen, wo wir als Verein t\u00e4tig sind.<\/p>\n<p>Ganz hart traf und trifft es die, die jeden Tag \u201evon der Hand in den Mund\u201c leben. Viele sind betroffen von der Grenzschlie\u00dfung zwischen Ruanda und der DR Kongo, da sie t\u00e4glich die Grenze wechseln, um hier wie dort zu arbeiten. Andere k\u00f6nnen ihre Produkte nicht verkaufen, da die M\u00e4rkte im Land geschlossen sind oder nur selten ge\u00f6ffnet haben.<\/p>\n<p>Viele Menschen k\u00e4mpften bereits vor COVID-19 ums \u00dcberleben, da sie nur hin und wieder eine Arbeit finden oder dauerhaft arbeitslos sind. Die Gr\u00fcnde daf\u00fcr sind vielf\u00e4ltig, gesamtgesellschaftlich, individuell und politisch. Ganz besonders hart trifft es die Kinder. Viele sind unter- und\/oder mangelern\u00e4hrt und die Verschlechterung der Gesamtsituation hat f\u00fcr sie schlimme Folgen.<\/p>\n<p>Alle unsere Partnerorganisationen vor Ort in Ruanda und in der DR Kongo arbeiten seit Beginn ihres Dienstes an eng mit den lokalen politischen und kulturellen Leitern zusammen. Aus diesem Grund ist \u00fcber die Jahre eine vertrauensvolle Zusammenarbeit gewachsen, die in dieser Krisenzeit mit COVID-19 ein tragf\u00e4higes Fundament f\u00fcr schnelle und unkomplizierte Nothilfe vor Ort bildet.<\/p>\n<p>Durch die Nothilfe-Programme in Kigali\/Masaka, Mugina und Rubavu\/Busoro konnte&nbsp;&nbsp;&nbsp;&nbsp;&nbsp;&nbsp;&nbsp;&nbsp; 608 Familien mit insgesamt 2867 Menschen geholfen werden. Sie erhielten Reis, Bohnen, Milch, Zucker, \u00d6l, Kohl und Seife.<\/p>\n<p>&nbsp;<\/p>\n\n\n<figure class=\"wp-block-gallery columns-3 is-cropped wp-block-gallery-1 is-layout-flex wp-block-gallery-is-layout-flex\"><ul class=\"blocks-gallery-grid\"><li class=\"blocks-gallery-item\"><figure><img loading=\"lazy\" decoding=\"async\" width=\"1024\" height=\"768\" src=\"http:\/\/godcares.de\/wp-content\/uploads\/2020\/06\/Verteilung-Nahrungsmittel-in-Rubavu-3-LCTC-1-1024x768.jpg\" alt=\"\" data-id=\"1285\" data-full-url=\"http:\/\/godcares.de\/wp-content\/uploads\/2020\/06\/Verteilung-Nahrungsmittel-in-Rubavu-3-LCTC-1.jpg\" data-link=\"http:\/\/godcares.de\/?attachment_id=1285\" class=\"wp-image-1285\" srcset=\"https:\/\/godcares.de\/wp-content\/uploads\/2020\/06\/Verteilung-Nahrungsmittel-in-Rubavu-3-LCTC-1-1024x768.jpg 1024w, https:\/\/godcares.de\/wp-content\/uploads\/2020\/06\/Verteilung-Nahrungsmittel-in-Rubavu-3-LCTC-1-300x225.jpg 300w, https:\/\/godcares.de\/wp-content\/uploads\/2020\/06\/Verteilung-Nahrungsmittel-in-Rubavu-3-LCTC-1-768x576.jpg 768w, https:\/\/godcares.de\/wp-content\/uploads\/2020\/06\/Verteilung-Nahrungsmittel-in-Rubavu-3-LCTC-1-830x623.jpg 830w, https:\/\/godcares.de\/wp-content\/uploads\/2020\/06\/Verteilung-Nahrungsmittel-in-Rubavu-3-LCTC-1-230x173.jpg 230w, https:\/\/godcares.de\/wp-content\/uploads\/2020\/06\/Verteilung-Nahrungsmittel-in-Rubavu-3-LCTC-1-350x263.jpg 350w, https:\/\/godcares.de\/wp-content\/uploads\/2020\/06\/Verteilung-Nahrungsmittel-in-Rubavu-3-LCTC-1-480x360.jpg 480w, https:\/\/godcares.de\/wp-content\/uploads\/2020\/06\/Verteilung-Nahrungsmittel-in-Rubavu-3-LCTC-1.jpg 1080w\" sizes=\"auto, (max-width: 1024px) 100vw, 1024px\" \/><figcaption class=\"blocks-gallery-item__caption\">Verteilung-Nahrungsmittel-in-Rubavu-3-LCTC<\/figcaption><\/figure><\/li><li class=\"blocks-gallery-item\"><figure><img loading=\"lazy\" decoding=\"async\" width=\"1024\" height=\"768\" src=\"http:\/\/godcares.de\/wp-content\/uploads\/2020\/06\/Verteilung-Nahrungsmittel-in-Rubavu-2-LCTC-1-1024x768.jpg\" alt=\"\" data-id=\"1284\" data-full-url=\"http:\/\/godcares.de\/wp-content\/uploads\/2020\/06\/Verteilung-Nahrungsmittel-in-Rubavu-2-LCTC-1.jpg\" data-link=\"http:\/\/godcares.de\/?attachment_id=1284\" class=\"wp-image-1284\" srcset=\"https:\/\/godcares.de\/wp-content\/uploads\/2020\/06\/Verteilung-Nahrungsmittel-in-Rubavu-2-LCTC-1-1024x768.jpg 1024w, https:\/\/godcares.de\/wp-content\/uploads\/2020\/06\/Verteilung-Nahrungsmittel-in-Rubavu-2-LCTC-1-300x225.jpg 300w, https:\/\/godcares.de\/wp-content\/uploads\/2020\/06\/Verteilung-Nahrungsmittel-in-Rubavu-2-LCTC-1-768x576.jpg 768w, https:\/\/godcares.de\/wp-content\/uploads\/2020\/06\/Verteilung-Nahrungsmittel-in-Rubavu-2-LCTC-1-830x623.jpg 830w, https:\/\/godcares.de\/wp-content\/uploads\/2020\/06\/Verteilung-Nahrungsmittel-in-Rubavu-2-LCTC-1-230x173.jpg 230w, https:\/\/godcares.de\/wp-content\/uploads\/2020\/06\/Verteilung-Nahrungsmittel-in-Rubavu-2-LCTC-1-350x263.jpg 350w, https:\/\/godcares.de\/wp-content\/uploads\/2020\/06\/Verteilung-Nahrungsmittel-in-Rubavu-2-LCTC-1-480x360.jpg 480w, https:\/\/godcares.de\/wp-content\/uploads\/2020\/06\/Verteilung-Nahrungsmittel-in-Rubavu-2-LCTC-1.jpg 1080w\" sizes=\"auto, (max-width: 1024px) 100vw, 1024px\" \/><figcaption class=\"blocks-gallery-item__caption\">Verteilung-Nahrungsmittel-in-Rubavu-2-LCTC<\/figcaption><\/figure><\/li><li class=\"blocks-gallery-item\"><figure><img loading=\"lazy\" decoding=\"async\" width=\"1024\" height=\"768\" src=\"http:\/\/godcares.de\/wp-content\/uploads\/2020\/06\/Verteilung-Nahrungsmittel-in-Rubavu-1-LCTC-1-1024x768.jpg\" alt=\"\" data-id=\"1283\" data-full-url=\"http:\/\/godcares.de\/wp-content\/uploads\/2020\/06\/Verteilung-Nahrungsmittel-in-Rubavu-1-LCTC-1.jpg\" data-link=\"http:\/\/godcares.de\/?attachment_id=1283\" class=\"wp-image-1283\" srcset=\"https:\/\/godcares.de\/wp-content\/uploads\/2020\/06\/Verteilung-Nahrungsmittel-in-Rubavu-1-LCTC-1-1024x768.jpg 1024w, https:\/\/godcares.de\/wp-content\/uploads\/2020\/06\/Verteilung-Nahrungsmittel-in-Rubavu-1-LCTC-1-300x225.jpg 300w, https:\/\/godcares.de\/wp-content\/uploads\/2020\/06\/Verteilung-Nahrungsmittel-in-Rubavu-1-LCTC-1-768x576.jpg 768w, https:\/\/godcares.de\/wp-content\/uploads\/2020\/06\/Verteilung-Nahrungsmittel-in-Rubavu-1-LCTC-1-830x623.jpg 830w, https:\/\/godcares.de\/wp-content\/uploads\/2020\/06\/Verteilung-Nahrungsmittel-in-Rubavu-1-LCTC-1-230x173.jpg 230w, https:\/\/godcares.de\/wp-content\/uploads\/2020\/06\/Verteilung-Nahrungsmittel-in-Rubavu-1-LCTC-1-350x263.jpg 350w, https:\/\/godcares.de\/wp-content\/uploads\/2020\/06\/Verteilung-Nahrungsmittel-in-Rubavu-1-LCTC-1-480x360.jpg 480w, https:\/\/godcares.de\/wp-content\/uploads\/2020\/06\/Verteilung-Nahrungsmittel-in-Rubavu-1-LCTC-1.jpg 1080w\" sizes=\"auto, (max-width: 1024px) 100vw, 1024px\" \/><figcaption class=\"blocks-gallery-item__caption\">Verteilung-Nahrungsmittel-in-Rubavu-1-LCTC<\/figcaption><\/figure><\/li><\/ul><\/figure>\n\n\n\n<figure class=\"wp-block-gallery columns-3 is-cropped wp-block-gallery-2 is-layout-flex wp-block-gallery-is-layout-flex\"><ul class=\"blocks-gallery-grid\"><li class=\"blocks-gallery-item\"><figure><img loading=\"lazy\" decoding=\"async\" width=\"1024\" height=\"768\" src=\"http:\/\/godcares.de\/wp-content\/uploads\/2020\/06\/Verteilung-Nahrungsmittel-in-Mugina-3-CARSA-1.jpg\" alt=\"\" data-id=\"1282\" data-full-url=\"http:\/\/godcares.de\/wp-content\/uploads\/2020\/06\/Verteilung-Nahrungsmittel-in-Mugina-3-CARSA-1.jpg\" data-link=\"http:\/\/godcares.de\/corona-soforthilfe-2020\/verteilung-nahrungsmittel-in-mugina-3-carsa-2\/\" class=\"wp-image-1282\" srcset=\"https:\/\/godcares.de\/wp-content\/uploads\/2020\/06\/Verteilung-Nahrungsmittel-in-Mugina-3-CARSA-1.jpg 1024w, https:\/\/godcares.de\/wp-content\/uploads\/2020\/06\/Verteilung-Nahrungsmittel-in-Mugina-3-CARSA-1-300x225.jpg 300w, https:\/\/godcares.de\/wp-content\/uploads\/2020\/06\/Verteilung-Nahrungsmittel-in-Mugina-3-CARSA-1-768x576.jpg 768w, https:\/\/godcares.de\/wp-content\/uploads\/2020\/06\/Verteilung-Nahrungsmittel-in-Mugina-3-CARSA-1-830x623.jpg 830w, https:\/\/godcares.de\/wp-content\/uploads\/2020\/06\/Verteilung-Nahrungsmittel-in-Mugina-3-CARSA-1-230x173.jpg 230w, https:\/\/godcares.de\/wp-content\/uploads\/2020\/06\/Verteilung-Nahrungsmittel-in-Mugina-3-CARSA-1-350x263.jpg 350w, https:\/\/godcares.de\/wp-content\/uploads\/2020\/06\/Verteilung-Nahrungsmittel-in-Mugina-3-CARSA-1-480x360.jpg 480w\" sizes=\"auto, (max-width: 1024px) 100vw, 1024px\" \/><figcaption class=\"blocks-gallery-item__caption\">Verteilung-Nahrungsmittel-in-Mugina-3-CARSA<\/figcaption><\/figure><\/li><li class=\"blocks-gallery-item\"><figure><img loading=\"lazy\" decoding=\"async\" width=\"1024\" height=\"768\" src=\"http:\/\/godcares.de\/wp-content\/uploads\/2020\/06\/Verteilung-Nahrungsmittel-in-Mugina-1-CARSA-2.jpg\" alt=\"\" data-id=\"1280\" data-full-url=\"http:\/\/godcares.de\/wp-content\/uploads\/2020\/06\/Verteilung-Nahrungsmittel-in-Mugina-1-CARSA-2.jpg\" data-link=\"http:\/\/godcares.de\/corona-soforthilfe-2020\/verteilung-nahrungsmittel-in-mugina-1-carsa-2\/\" class=\"wp-image-1280\" srcset=\"https:\/\/godcares.de\/wp-content\/uploads\/2020\/06\/Verteilung-Nahrungsmittel-in-Mugina-1-CARSA-2.jpg 1024w, https:\/\/godcares.de\/wp-content\/uploads\/2020\/06\/Verteilung-Nahrungsmittel-in-Mugina-1-CARSA-2-300x225.jpg 300w, https:\/\/godcares.de\/wp-content\/uploads\/2020\/06\/Verteilung-Nahrungsmittel-in-Mugina-1-CARSA-2-768x576.jpg 768w, https:\/\/godcares.de\/wp-content\/uploads\/2020\/06\/Verteilung-Nahrungsmittel-in-Mugina-1-CARSA-2-830x623.jpg 830w, https:\/\/godcares.de\/wp-content\/uploads\/2020\/06\/Verteilung-Nahrungsmittel-in-Mugina-1-CARSA-2-230x173.jpg 230w, https:\/\/godcares.de\/wp-content\/uploads\/2020\/06\/Verteilung-Nahrungsmittel-in-Mugina-1-CARSA-2-350x263.jpg 350w, https:\/\/godcares.de\/wp-content\/uploads\/2020\/06\/Verteilung-Nahrungsmittel-in-Mugina-1-CARSA-2-480x360.jpg 480w\" sizes=\"auto, (max-width: 1024px) 100vw, 1024px\" \/><figcaption class=\"blocks-gallery-item__caption\">Verteilung-Nahrungsmittel-in-Mugina-1-CARSA<\/figcaption><\/figure><\/li><li class=\"blocks-gallery-item\"><figure><img loading=\"lazy\" decoding=\"async\" width=\"1024\" height=\"768\" src=\"http:\/\/godcares.de\/wp-content\/uploads\/2020\/06\/Verteilung-Nahrungsmittel-in-Mugina-2-CARSA.jpg\" alt=\"\" data-id=\"1274\" data-full-url=\"http:\/\/godcares.de\/wp-content\/uploads\/2020\/06\/Verteilung-Nahrungsmittel-in-Mugina-2-CARSA.jpg\" data-link=\"http:\/\/godcares.de\/corona-soforthilfe-2020\/verteilung-nahrungsmittel-in-mugina-2-carsa\/\" class=\"wp-image-1274\" srcset=\"https:\/\/godcares.de\/wp-content\/uploads\/2020\/06\/Verteilung-Nahrungsmittel-in-Mugina-2-CARSA.jpg 1024w, https:\/\/godcares.de\/wp-content\/uploads\/2020\/06\/Verteilung-Nahrungsmittel-in-Mugina-2-CARSA-300x225.jpg 300w, https:\/\/godcares.de\/wp-content\/uploads\/2020\/06\/Verteilung-Nahrungsmittel-in-Mugina-2-CARSA-768x576.jpg 768w, https:\/\/godcares.de\/wp-content\/uploads\/2020\/06\/Verteilung-Nahrungsmittel-in-Mugina-2-CARSA-830x623.jpg 830w, https:\/\/godcares.de\/wp-content\/uploads\/2020\/06\/Verteilung-Nahrungsmittel-in-Mugina-2-CARSA-230x173.jpg 230w, https:\/\/godcares.de\/wp-content\/uploads\/2020\/06\/Verteilung-Nahrungsmittel-in-Mugina-2-CARSA-350x263.jpg 350w, https:\/\/godcares.de\/wp-content\/uploads\/2020\/06\/Verteilung-Nahrungsmittel-in-Mugina-2-CARSA-480x360.jpg 480w\" sizes=\"auto, (max-width: 1024px) 100vw, 1024px\" \/><figcaption class=\"blocks-gallery-item__caption\">Verteilung-Nahrungsmittel-in-Mugina-2-CARSA<\/figcaption><\/figure><\/li><\/ul><\/figure>\n","protected":false},"excerpt":{"rendered":"<p>Nothilfe in Corona Zeiten Die Corona-Krise hat den Planeten im Griff. Dies gilt sowohl f\u00fcr uns hier in Deutschland, als&hellip;<\/p>\n","protected":false},"author":1,"featured_media":0,"parent":0,"menu_order":0,"comment_status":"closed","ping_status":"closed","template":"","meta":{"ngg_post_thumbnail":0,"footnotes":""},"class_list":["post-1271","page","type-page","status-publish","hentry"],"_links":{"self":[{"href":"https:\/\/godcares.de\/index.php\/wp-json\/wp\/v2\/pages\/1271","targetHints":{"allow":["GET"]}}],"collection":[{"href":"https:\/\/godcares.de\/index.php\/wp-json\/wp\/v2\/pages"}],"about":[{"href":"https:\/\/godcares.de\/index.php\/wp-json\/wp\/v2\/types\/page"}],"author":[{"embeddable":true,"href":"https:\/\/godcares.de\/index.php\/wp-json\/wp\/v2\/users\/1"}],"replies":[{"embeddable":true,"href":"https:\/\/godcares.de\/index.php\/wp-json\/wp\/v2\/comments?post=1271"}],"version-history":[{"count":0,"href":"https:\/\/godcares.de\/index.php\/wp-json\/wp\/v2\/pages\/1271\/revisions"}],"wp:attachment":[{"href":"https:\/\/godcares.de\/index.php\/wp-json\/wp\/v2\/media?parent=1271"}],"curies":[{"name":"wp","href":"https:\/\/api.w.org\/{rel}","templated":true}]}}