{"id":1248,"date":"2020-02-03T16:05:35","date_gmt":"2020-02-03T16:05:35","guid":{"rendered":"http:\/\/godcares.de\/?page_id=1248"},"modified":"2020-02-08T09:24:48","modified_gmt":"2020-02-08T09:24:48","slug":"grosse-spende-fuer-das-hospital-in-mushekere-in-bukavu-drkongo","status":"publish","type":"page","link":"https:\/\/godcares.de\/index.php\/grosse-spende-fuer-das-hospital-in-mushekere-in-bukavu-drkongo\/","title":{"rendered":"Gro\u00dfe Spende f\u00fcr das Hospital Mushekere in Bukavu, DRKongo"},"content":{"rendered":"<p>Unser gro\u00dfes Dankesch\u00f6n gilt den Firmen:<\/p>\n<p>Medtek medzintechnik GmbH aus 67269 Gr\u00fcnstad und&nbsp;<\/p>\n<p>VIVISOL Deutschland GmbH aus 85375 &#8211; Neufahrn b. Freising<\/p>\n<p>&nbsp;<\/p>\n<div id=\"attachment_1249\" style=\"width: 797px\" class=\"wp-caption aligncenter\"><a href=\"http:\/\/godcares.de\/wp-content\/uploads\/2020\/02\/Spende-4000-Euro.jpeg\"><img loading=\"lazy\" decoding=\"async\" aria-describedby=\"caption-attachment-1249\" width=\"787\" height=\"909\" class=\"size-full wp-image-1249\" alt=\"\" src=\"http:\/\/godcares.de\/wp-content\/uploads\/2020\/02\/Spende-4000-Euro.jpeg\" srcset=\"https:\/\/godcares.de\/wp-content\/uploads\/2020\/02\/Spende-4000-Euro.jpeg 787w, https:\/\/godcares.de\/wp-content\/uploads\/2020\/02\/Spende-4000-Euro-260x300.jpeg 260w, https:\/\/godcares.de\/wp-content\/uploads\/2020\/02\/Spende-4000-Euro-768x887.jpeg 768w, https:\/\/godcares.de\/wp-content\/uploads\/2020\/02\/Spende-4000-Euro-230x266.jpeg 230w, https:\/\/godcares.de\/wp-content\/uploads\/2020\/02\/Spende-4000-Euro-350x404.jpeg 350w, https:\/\/godcares.de\/wp-content\/uploads\/2020\/02\/Spende-4000-Euro-480x554.jpeg 480w\" sizes=\"auto, (max-width: 787px) 100vw, 787px\" \/><\/a><p id=\"caption-attachment-1249\" class=\"wp-caption-text\">Sigrun Gebauer und Ulrike Reimann bei der Scheck\u00fcbergabe<\/p><\/div>\n","protected":false},"excerpt":{"rendered":"<p>Unser gro\u00dfes Dankesch\u00f6n gilt den Firmen: Medtek medzintechnik GmbH aus 67269 Gr\u00fcnstad und&nbsp; VIVISOL Deutschland GmbH aus 85375 &#8211; Neufahrn&hellip;<\/p>\n","protected":false},"author":1,"featured_media":0,"parent":0,"menu_order":0,"comment_status":"closed","ping_status":"closed","template":"","meta":{"ngg_post_thumbnail":0,"footnotes":""},"class_list":["post-1248","page","type-page","status-publish","hentry"],"_links":{"self":[{"href":"https:\/\/godcares.de\/index.php\/wp-json\/wp\/v2\/pages\/1248","targetHints":{"allow":["GET"]}}],"collection":[{"href":"https:\/\/godcares.de\/index.php\/wp-json\/wp\/v2\/pages"}],"about":[{"href":"https:\/\/godcares.de\/index.php\/wp-json\/wp\/v2\/types\/page"}],"author":[{"embeddable":true,"href":"https:\/\/godcares.de\/index.php\/wp-json\/wp\/v2\/users\/1"}],"replies":[{"embeddable":true,"href":"https:\/\/godcares.de\/index.php\/wp-json\/wp\/v2\/comments?post=1248"}],"version-history":[{"count":0,"href":"https:\/\/godcares.de\/index.php\/wp-json\/wp\/v2\/pages\/1248\/revisions"}],"wp:attachment":[{"href":"https:\/\/godcares.de\/index.php\/wp-json\/wp\/v2\/media?parent=1248"}],"curies":[{"name":"wp","href":"https:\/\/api.w.org\/{rel}","templated":true}]}}